{"id":1718,"date":"2020-09-17T10:26:38","date_gmt":"2020-09-17T10:26:38","guid":{"rendered":"http:\/\/workfreelly.com\/home\/"},"modified":"2021-12-02T06:24:02","modified_gmt":"2021-12-02T06:24:02","slug":"home","status":"publish","type":"page","link":"https:\/\/workfreelly.com\/fr\/","title":{"rendered":"Page d'accueil"},"content":{"rendered":"<div class=\"wp-block-cover alignfull has-background-dim-10 has-ast-global-color-6-background-color has-background-dim\" style=\"min-height:650px;aspect-ratio:unset;\"><img fetchpriority=\"high\" decoding=\"async\" width=\"1920\" height=\"1080\" class=\"wp-block-cover__image-background wp-image-1689\" alt=\"\" src=\"http:\/\/workfreelly.com\/wp-content\/uploads\/2020\/02\/travel-hero-img.jpg\" data-object-fit=\"cover\" srcset=\"https:\/\/workfreelly.com\/wp-content\/uploads\/2020\/02\/travel-hero-img.jpg 1920w, https:\/\/workfreelly.com\/wp-content\/uploads\/2020\/02\/travel-hero-img-300x169.jpg 300w, https:\/\/workfreelly.com\/wp-content\/uploads\/2020\/02\/travel-hero-img-1024x576.jpg 1024w, https:\/\/workfreelly.com\/wp-content\/uploads\/2020\/02\/travel-hero-img-768x432.jpg 768w, https:\/\/workfreelly.com\/wp-content\/uploads\/2020\/02\/travel-hero-img-1536x864.jpg 1536w\" sizes=\"(max-width: 1920px) 100vw, 1920px\" \/><div class=\"wp-block-cover__inner-container is-layout-flow wp-block-cover-is-layout-flow\">\n<h4 class=\"has-text-color wp-block-heading translation-block\" style=\"color:#ffffff\">Bonjour, vous trouverez ici une page de blog d\u00e9di\u00e9e au t\u00e9l\u00e9travail.<\/h4>\n\n\n\n<h2 class=\"has-white-color has-text-color wp-block-heading translation-block\">Explorer le Monde\nen travaillant \u00e0 distance<\/h2>\n\n\n\n<p>Vous aimez la libert\u00e9, l'ind\u00e9pendance et le travail ? Alors vous allez adorer le travail \u00e0 distance !<\/p>\n\n\n\n<p>&nbsp;<\/p>\n\n\n\n<p>&nbsp;<\/p>\n<\/div><\/div>\n\n\n\n<div class=\"wp-block-group alignfull has-ast-global-color-4-background-color has-background is-layout-flow wp-block-group-is-layout-flow\"><div class=\"wp-block-group__inner-container\">\n<div class=\"wp-block-media-text alignwide is-stacked-on-mobile is-vertically-aligned-center is-image-fill\"><figure class=\"wp-block-media-text__media\" style=\"background-image:url(http:\/\/workfreelly.com\/wp-content\/uploads\/2020\/02\/traveller-free-img.jpg);background-position:50% 0%\"><img decoding=\"async\" width=\"550\" height=\"740\" src=\"http:\/\/workfreelly.com\/wp-content\/uploads\/2020\/02\/traveller-free-img.jpg\" alt=\"\" class=\"wp-image-1692 size-full\" srcset=\"https:\/\/workfreelly.com\/wp-content\/uploads\/2020\/02\/traveller-free-img.jpg 550w, https:\/\/workfreelly.com\/wp-content\/uploads\/2020\/02\/traveller-free-img-223x300.jpg 223w\" sizes=\"(max-width: 550px) 100vw, 550px\" \/><\/figure><div class=\"wp-block-media-text__content\">\n<h2 class=\"wp-block-heading\">Vous avez l'ambition de travailler \u00e0 distance<\/h2>\n\n\n\n<p>Vous \u00eates-vous d\u00e9j\u00e0 demand\u00e9 ce que cela ferait d'\u00eatre la personne \u00e0 gauche ? C'est-\u00e0-dire de pouvoir g\u00e9rer sa journ\u00e9e librement sans contrainte. Eh bien, c'est possible gr\u00e2ce au t\u00e9l\u00e9travail qui donne aux gens la possibilit\u00e9 de g\u00e9rer leur temps comme ils l'entendent sans \u00eatre li\u00e9s au bureau.<\/p>\n\n\n\n<p>Le travail \u00e0 distance a sans aucun doute permis \u00e0 des personnes de mener une vie plus \u00e9panouie et ce blog est destin\u00e9 \u00e0 vous donner toutes les informations n\u00e9cessaires pour que vous soyez en mesure de choisir si ce mode de vie vous convient ou pas.<\/p>\n<\/div><\/div>\n<\/div><\/div>\n\n\n\n<div class=\"wp-block-group alignfull has-ast-global-color-5-background-color has-background is-layout-flow wp-block-group-is-layout-flow\"><div class=\"wp-block-group__inner-container\">\n<h3 class=\"has-text-align-center wp-block-heading\">Articles de blog r\u00e9cent sur le travail \u00e0 distance<\/h3>\n\n\n\n<p class=\"has-text-align-center\">Consultez nos articles les plus r\u00e9cents.<\/p>\n\n\n\n<ul class=\"wp-block-list\"><li><a href=\"https:\/\/workfreelly.com\/fr\/different-types-of-remote-work\/\">Les Diff\u00e9rents Types de Travail \u00e0 Distance<\/a><\/li><li><a href=\"https:\/\/workfreelly.com\/fr\/remote-work-allows-companies-to-hire-wherever-they-want\/\">Le travail \u00e0 distance permet aux entreprises d'embaucher o\u00f9 elles veulent<\/a><\/li><li><a href=\"https:\/\/workfreelly.com\/fr\/what-does-the-future-of-remote-work-hold-after-the-covid-19-pandemic\/\">Quel est l'avenir du travail \u00e0 distance apr\u00e8s l'\u00e9pid\u00e9mie de COVID-19 ?<\/a><\/li><li><a href=\"https:\/\/workfreelly.com\/fr\/the-three-main-disadvantages-of-remote-work\/\">Les trois principaux inconv\u00e9nients du travail \u00e0 distance<\/a><\/li><li><a href=\"https:\/\/workfreelly.com\/fr\/the-three-main-advantages-of-remote-work\/\">Les trois principaux avantages du t\u00e9l\u00e9travail<\/a><\/li><\/ul>\n\n\n<ul class=\"wp-block-latest-posts__list is-grid columns-3 wp-block-latest-posts\"><\/ul><\/div><\/div>\n\n\n\n<div class=\"wp-block-cover alignfull\"><img decoding=\"async\" width=\"1920\" height=\"900\" class=\"wp-block-cover__image-background wp-image-1296\" alt=\"\" src=\"http:\/\/workfreelly.com\/wp-content\/uploads\/2019\/05\/sc01-free-img.jpg\" data-object-fit=\"cover\" srcset=\"https:\/\/workfreelly.com\/wp-content\/uploads\/2019\/05\/sc01-free-img.jpg 1920w, https:\/\/workfreelly.com\/wp-content\/uploads\/2019\/05\/sc01-free-img-300x141.jpg 300w, https:\/\/workfreelly.com\/wp-content\/uploads\/2019\/05\/sc01-free-img-1024x480.jpg 1024w, https:\/\/workfreelly.com\/wp-content\/uploads\/2019\/05\/sc01-free-img-768x360.jpg 768w, https:\/\/workfreelly.com\/wp-content\/uploads\/2019\/05\/sc01-free-img-1536x720.jpg 1536w\" sizes=\"(max-width: 1920px) 100vw, 1920px\" \/><div class=\"wp-block-cover__inner-container is-layout-flow wp-block-cover-is-layout-flow\">\n<h3 class=\"has-text-align-center has-white-color has-text-color wp-block-heading\">Inscrivez-vous pour recevoir les meilleurs conseils sur le travail \u00e0 distance !<\/h3>\n\n\n\n<p class=\"has-text-align-center has-white-color has-text-color\">Recevez un PDF gratuit contenant des conseils sur la meilleure fa\u00e7on d'organiser sa journ\u00e9e lorsque vous travaillez \u00e0 distance.<\/p>\n\n\n<div class=\"wpforms-container wpforms-block\" id=\"wpforms-1996\"><form id=\"wpforms-form-1996\" class=\"wpforms-validate wpforms-form\" data-formid=\"1996\" method=\"post\" enctype=\"multipart\/form-data\" action=\"\/fr\/wp-json\/wp\/v2\/pages\/1718\" data-token=\"fdda05b8025a74484f2c5b0c550dbd60\" data-token-time=\"1775531250\" data-trp-original-action=\"\/fr\/wp-json\/wp\/v2\/pages\/1718\"><noscript class=\"wpforms-error-noscript\">Veuillez activer JavaScript dans votre navigateur pour remplir ce formulaire.<\/noscript><div class=\"wpforms-field-container\"><div id=\"wpforms-1996-field_1-container\" class=\"wpforms-field wpforms-field-email\" data-field-id=\"1\"><label class=\"wpforms-field-label\" for=\"wpforms-1996-field_1\">Email <span class=\"wpforms-required-label\">*<\/span><\/label><input type=\"email\" id=\"wpforms-1996-field_1\" class=\"wpforms-field-medium wpforms-field-required\" name=\"wpforms[fields][1]\" spellcheck=\"false\" required><\/div><\/div><!-- .wpforms-field-container --><div class=\"wpforms-submit-container\" ><input type=\"hidden\" name=\"wpforms[id]\" value=\"1996\"><input type=\"hidden\" name=\"page_title\" value=\"\"><input type=\"hidden\" name=\"page_url\" value=\"https:\/\/workfreelly.com\/fr\/wp-json\/wp\/v2\/pages\/1718\"><input type=\"hidden\" name=\"url_referer\" value=\"\"><button type=\"submit\" name=\"wpforms[submit]\" id=\"wpforms-submit-1996\" class=\"wpforms-submit\" aria-live=\"assertive\" value=\"wpforms-submit\">Soumettre<\/button><\/div><input type=\"hidden\" name=\"trp-form-language\" value=\"fr\"\/><\/form><\/div>  <!-- .wpforms-container --><\/div><\/div>\n\n\n\n<div class=\"wp-block-group alignfull has-ast-global-color-4-background-color has-background is-layout-flow wp-block-group-is-layout-flow\"><div class=\"wp-block-group__inner-container\">\n<h2 class=\"has-text-align-center wp-block-heading\">Destination en vedette<\/h2>\n\n\n\n<p class=\"has-text-align-center\">Voici quelques pages des endroits que vous pourriez visiter lorsque vous travaillez \u00e0 distance.<\/p>\n\n\n\n<div class=\"wp-block-columns is-layout-flex wp-container-core-columns-is-layout-1 wp-block-columns-is-layout-flex\">\n<div class=\"wp-block-column is-layout-flow wp-block-column-is-layout-flow\">\n<div class=\"wp-block-cover has-ast-global-color-6-background-color has-background-dim has-custom-content-position is-position-bottom-left\"><img loading=\"lazy\" decoding=\"async\" width=\"470\" height=\"600\" class=\"wp-block-cover__image-background wp-image-667\" alt=\"\" src=\"http:\/\/workfreelly.com\/wp-content\/uploads\/2019\/05\/des02-free-img.jpg\" data-object-fit=\"cover\" srcset=\"https:\/\/workfreelly.com\/wp-content\/uploads\/2019\/05\/des02-free-img.jpg 470w, https:\/\/workfreelly.com\/wp-content\/uploads\/2019\/05\/des02-free-img-235x300.jpg 235w\" sizes=\"(max-width: 470px) 100vw, 470px\" \/><div class=\"wp-block-cover__inner-container is-layout-flow wp-block-cover-is-layout-flow\">\n<h3 class=\"has-white-color has-text-color wp-block-heading\">AFRIQUE<\/h3>\n\n\n\n<p class=\"has-text-align-center has-white-color has-text-color\">Le berceau de la civilisation humaine.<\/p>\n<\/div><\/div>\n<\/div>\n\n\n\n<div class=\"wp-block-column is-layout-flow wp-block-column-is-layout-flow\">\n<div class=\"wp-block-cover has-ast-global-color-6-background-color has-background-dim has-custom-content-position is-position-bottom-left\"><img loading=\"lazy\" decoding=\"async\" width=\"470\" height=\"600\" class=\"wp-block-cover__image-background wp-image-666\" alt=\"\" src=\"http:\/\/workfreelly.com\/wp-content\/uploads\/2019\/05\/des01-free-img.jpg\" data-object-fit=\"cover\" srcset=\"https:\/\/workfreelly.com\/wp-content\/uploads\/2019\/05\/des01-free-img.jpg 470w, https:\/\/workfreelly.com\/wp-content\/uploads\/2019\/05\/des01-free-img-235x300.jpg 235w\" sizes=\"(max-width: 470px) 100vw, 470px\" \/><div class=\"wp-block-cover__inner-container is-layout-flow wp-block-cover-is-layout-flow\">\n<h3 class=\"has-white-color has-text-color wp-block-heading\">ASIE<\/h3>\n\n\n\n<p class=\"has-white-color has-text-color\">L'Est, le pays du soleil levant.<\/p>\n<\/div><\/div>\n<\/div>\n\n\n\n<div class=\"wp-block-column is-layout-flow wp-block-column-is-layout-flow\">\n<div class=\"wp-block-cover has-ast-global-color-6-background-color has-background-dim has-custom-content-position is-position-bottom-left\"><img loading=\"lazy\" decoding=\"async\" width=\"470\" height=\"600\" class=\"wp-block-cover__image-background wp-image-669\" alt=\"\" src=\"http:\/\/workfreelly.com\/wp-content\/uploads\/2019\/05\/des04-free-img.jpg\" data-object-fit=\"cover\" srcset=\"https:\/\/workfreelly.com\/wp-content\/uploads\/2019\/05\/des04-free-img.jpg 470w, https:\/\/workfreelly.com\/wp-content\/uploads\/2019\/05\/des04-free-img-235x300.jpg 235w\" sizes=\"(max-width: 470px) 100vw, 470px\" \/><div class=\"wp-block-cover__inner-container is-layout-flow wp-block-cover-is-layout-flow\">\n<h3 class=\"has-white-color has-text-color wp-block-heading\">Europe<\/h3>\n\n\n\n<p class=\"has-text-align-center has-white-color has-text-color\">D\u00e9couvrez l'Europe m\u00e9di\u00e9vale \u00e0 votre porte.<\/p>\n<\/div><\/div>\n<\/div>\n\n\n\n<div class=\"wp-block-column is-layout-flow wp-block-column-is-layout-flow\">\n<div class=\"wp-block-cover has-ast-global-color-6-background-color has-background-dim has-custom-content-position is-position-bottom-left\"><img loading=\"lazy\" decoding=\"async\" width=\"470\" height=\"600\" class=\"wp-block-cover__image-background wp-image-668\" alt=\"\" src=\"http:\/\/workfreelly.com\/wp-content\/uploads\/2019\/05\/des03-free-img.jpg\" data-object-fit=\"cover\" srcset=\"https:\/\/workfreelly.com\/wp-content\/uploads\/2019\/05\/des03-free-img.jpg 470w, https:\/\/workfreelly.com\/wp-content\/uploads\/2019\/05\/des03-free-img-235x300.jpg 235w\" sizes=\"(max-width: 470px) 100vw, 470px\" \/><div class=\"wp-block-cover__inner-container is-layout-flow wp-block-cover-is-layout-flow\">\n<h3 class=\"has-white-color has-text-color wp-block-heading\">OC\u00c9ANIE<\/h3>\n\n\n\n<p class=\"has-text-align-center has-white-color has-text-color\">Pas de meilleur endroit pour profiter d'un beau soleil.<\/p>\n<\/div><\/div>\n<\/div>\n<\/div>\n<\/div><\/div>\n\n\n\n<div class=\"wp-block-group alignfull has-ast-global-color-5-background-color has-background is-layout-flow wp-block-group-is-layout-flow\"><div class=\"wp-block-group__inner-container\">\n<h2 class=\"has-text-align-center wp-block-heading\">R\u00e9flexions des lecteurs sur le travail \u00e0 distance<\/h2>\n\n\n\n<p>&nbsp;<\/p>\n\n\n\n<div class=\"wp-block-columns is-layout-flex wp-container-core-columns-is-layout-2 wp-block-columns-is-layout-flex\">\n<div class=\"wp-block-column is-layout-flow wp-block-column-is-layout-flow\">\n<div class=\"wp-block-group has-ast-global-color-4-background-color has-background is-layout-flow wp-block-group-is-layout-flow\"><div class=\"wp-block-group__inner-container\">\n<div class=\"wp-block-image is-style-rounded\"><figure class=\"aligncenter size-large is-resized\"><img loading=\"lazy\" decoding=\"async\" src=\"http:\/\/workfreelly.com\/wp-content\/uploads\/2019\/05\/auth01-free-img.jpg\" alt=\"\" class=\"wp-image-1088\" width=\"100\" height=\"100\" srcset=\"https:\/\/workfreelly.com\/wp-content\/uploads\/2019\/05\/auth01-free-img.jpg 400w, https:\/\/workfreelly.com\/wp-content\/uploads\/2019\/05\/auth01-free-img-300x300.jpg 300w, https:\/\/workfreelly.com\/wp-content\/uploads\/2019\/05\/auth01-free-img-150x150.jpg 150w\" sizes=\"(max-width: 100px) 100vw, 100px\" \/><\/figure><\/div>\n\n\n\n<p class=\"has-text-align-center\">En tant que t\u00e9l\u00e9travailleur moi-m\u00eame, je dois avouer que ce blog est tr\u00e8s instructif.<\/p>\n\n\n\n<h4 class=\"has-text-align-center wp-block-heading\">Julian - France<\/h4>\n<\/div><\/div>\n<\/div>\n\n\n\n<div class=\"wp-block-column is-layout-flow wp-block-column-is-layout-flow\">\n<div class=\"wp-block-group has-ast-global-color-4-background-color has-background is-layout-flow wp-block-group-is-layout-flow\"><div class=\"wp-block-group__inner-container\">\n<div class=\"wp-block-image is-style-rounded\"><figure class=\"aligncenter size-large is-resized\"><img loading=\"lazy\" decoding=\"async\" src=\"http:\/\/workfreelly.com\/wp-content\/uploads\/2019\/05\/auth03-free-img.jpg\" alt=\"\" class=\"wp-image-1086\" width=\"100\" height=\"100\" srcset=\"https:\/\/workfreelly.com\/wp-content\/uploads\/2019\/05\/auth03-free-img.jpg 400w, https:\/\/workfreelly.com\/wp-content\/uploads\/2019\/05\/auth03-free-img-300x300.jpg 300w, https:\/\/workfreelly.com\/wp-content\/uploads\/2019\/05\/auth03-free-img-150x150.jpg 150w\" sizes=\"(max-width: 100px) 100vw, 100px\" \/><\/figure><\/div>\n\n\n\n<p class=\"has-text-align-center\">Je viens de commencer \u00e0 travailler \u00e0 distance et je cherchais de meilleures informations sur la fa\u00e7on d'organiser ma journ\u00e9e. Ce PDF est exactement ce que j'esp\u00e9rais, je l'appr\u00e9cie beaucoup.<\/p>\n\n\n\n<h4 class=\"has-text-align-center wp-block-heading\">Kevin - L'Oregon<\/h4>\n<\/div><\/div>\n<\/div>\n\n\n\n<div class=\"wp-block-column is-layout-flow wp-block-column-is-layout-flow\">\n<div class=\"wp-block-group has-ast-global-color-4-background-color has-background is-layout-flow wp-block-group-is-layout-flow\"><div class=\"wp-block-group__inner-container\">\n<div class=\"wp-block-image is-style-rounded\"><figure class=\"aligncenter size-large is-resized\"><img loading=\"lazy\" decoding=\"async\" src=\"http:\/\/workfreelly.com\/wp-content\/uploads\/2019\/05\/auth02-free-img.jpg\" alt=\"\" class=\"wp-image-1087\" width=\"100\" height=\"100\" srcset=\"https:\/\/workfreelly.com\/wp-content\/uploads\/2019\/05\/auth02-free-img.jpg 400w, https:\/\/workfreelly.com\/wp-content\/uploads\/2019\/05\/auth02-free-img-300x300.jpg 300w, https:\/\/workfreelly.com\/wp-content\/uploads\/2019\/05\/auth02-free-img-150x150.jpg 150w\" sizes=\"(max-width: 100px) 100vw, 100px\" \/><\/figure><\/div>\n\n\n\n<p class=\"has-text-align-center\">Les diff\u00e9rents articles pr\u00e9sent\u00e9s dans ce blog m'ont d\u00e9finitivement aid\u00e9 \u00e0 mieux comprendre en quoi consiste le t\u00e9l\u00e9travail. En cons\u00e9quence, je me plonge tout de suite dans ce nouveau style de vie !<\/p>\n\n\n\n<h4 class=\"has-text-align-center wp-block-heading\">Janny - Austin, Texas<\/h4>\n<\/div><\/div>\n<\/div>\n<\/div>\n<\/div><\/div>\n\n\n\n<div class=\"wp-block-group alignfull has-ast-global-color-4-background-color has-background is-layout-flow wp-block-group-is-layout-flow\"><div class=\"wp-block-group__inner-container\">\n<div class=\"wp-block-columns are-vertically-aligned-center is-layout-flex wp-container-core-columns-is-layout-3 wp-block-columns-is-layout-flex\">\n<div class=\"wp-block-column is-vertically-aligned-center is-layout-flow wp-block-column-is-layout-flow\" style=\"flex-basis:20%\">\n<h3 class=\"wp-block-heading\">Pr\u00e9sent\u00e9 dans<\/h3>\n\n\n\n<p>&nbsp;<\/p>\n<\/div>\n\n\n\n<div class=\"wp-block-column is-layout-flow wp-block-column-is-layout-flow\">\u00a0<\/div>\n\n\n\n<div class=\"wp-block-column is-vertically-aligned-center is-layout-flow wp-block-column-is-layout-flow\" style=\"flex-basis:80%\">\n<figure class=\"wp-block-gallery aligncenter columns-0 wp-block-gallery-1 is-layout-flex wp-block-gallery-is-layout-flex\">\r\n<ul class=\"blocks-gallery-grid\">\r\n<li class=\"blocks-gallery-item\">\r\n<figure><a href=\"https:\/\/www.linkedin.com\/in\/elijah-petty-web-marketer\/\" target=\"_blank\" rel=\"noopener\"><img loading=\"lazy\" decoding=\"async\" class=\"alignnone wp-image-2066\" src=\"https:\/\/workfreelly.com\/wp-content\/uploads\/2021\/10\/liink.jpg\" alt=\"\" width=\"333\" height=\"92\" data-id=\"2066\" data-full-url=\"https:\/\/workfreelly.com\/wp-content\/uploads\/2021\/10\/liink.jpg\" data-link=\"https:\/\/workfreelly.com\/home\/liink\/\" srcset=\"https:\/\/workfreelly.com\/wp-content\/uploads\/2021\/10\/liink.jpg 333w, https:\/\/workfreelly.com\/wp-content\/uploads\/2021\/10\/liink-300x83.jpg 300w, https:\/\/workfreelly.com\/wp-content\/uploads\/2021\/10\/liink-18x5.jpg 18w\" sizes=\"(max-width: 333px) 100vw, 333px\" \/><\/a><\/figure>\r\n<\/li>\r\n<\/ul>\r\n<\/figure>\n<\/div>\n<\/div>\n<\/div><\/div>\n\n\n\n<p>&nbsp;<\/p>","protected":false},"excerpt":{"rendered":"<p>Aspiring to do remote work Have you ever wondered what it would be like to be the person on the left? That is to say to be able to manage your day freely without constraint. Well, it is possible thanks to remote work which gives people the possibility to manage their time as they see &hellip;<\/p>\n<p class=\"read-more\"> <a class=\"\" href=\"https:\/\/workfreelly.com\/fr\/\"> <span class=\"screen-reader-text\">Page d'accueil<\/span> Lire la suite\u00a0\u00bb<\/a><\/p>","protected":false},"author":1,"featured_media":0,"parent":0,"menu_order":0,"comment_status":"closed","ping_status":"closed","template":"","meta":{"om_disable_all_campaigns":false,"footnotes":""},"class_list":["post-1718","page","type-page","status-publish","hentry"],"yoast_head":"<!-- This site is optimized with the Yoast SEO plugin v26.2 - https:\/\/yoast.com\/wordpress\/plugins\/seo\/ -->\n<title>Home - Distance Working<\/title>\n<meta name=\"description\" content=\"A blog containing all the information you need to know about distance working. Also, receive a free PDF by subscribing to our Newsletter!\" \/>\n<meta name=\"robots\" content=\"index, follow, max-snippet:-1, max-image-preview:large, max-video-preview:-1\" \/>\n<link rel=\"canonical\" href=\"https:\/\/workfreelly.com\/fr\/\" \/>\n<meta property=\"og:locale\" content=\"fr_FR\" \/>\n<meta property=\"og:type\" content=\"article\" \/>\n<meta property=\"og:title\" content=\"Home - Distance Working\" \/>\n<meta property=\"og:description\" content=\"A blog containing all the information you need to know about distance working. Also, receive a free PDF by subscribing to our Newsletter!\" \/>\n<meta property=\"og:url\" content=\"https:\/\/workfreelly.com\/fr\/\" \/>\n<meta property=\"og:site_name\" content=\"Distance Working\" \/>\n<meta property=\"article:modified_time\" content=\"2021-12-02T06:24:02+00:00\" \/>\n<meta property=\"og:image\" content=\"http:\/\/workfreelly.com\/wp-content\/uploads\/2020\/02\/travel-hero-img.jpg\" \/>\n<meta name=\"twitter:card\" content=\"summary_large_image\" \/>\n<meta name=\"twitter:label1\" content=\"Dur\u00e9e de lecture estim\u00e9e\" \/>\n\t<meta name=\"twitter:data1\" content=\"4 minutes\" \/>\n<script type=\"application\/ld+json\" class=\"yoast-schema-graph\">{\"@context\":\"https:\/\/schema.org\",\"@graph\":[{\"@type\":\"WebPage\",\"@id\":\"https:\/\/workfreelly.com\/\",\"url\":\"https:\/\/workfreelly.com\/\",\"name\":\"Home - Distance Working\",\"isPartOf\":{\"@id\":\"https:\/\/workfreelly.com\/#website\"},\"primaryImageOfPage\":{\"@id\":\"https:\/\/workfreelly.com\/#primaryimage\"},\"image\":{\"@id\":\"https:\/\/workfreelly.com\/#primaryimage\"},\"thumbnailUrl\":\"http:\/\/workfreelly.com\/wp-content\/uploads\/2020\/02\/travel-hero-img.jpg\",\"datePublished\":\"2020-09-17T10:26:38+00:00\",\"dateModified\":\"2021-12-02T06:24:02+00:00\",\"description\":\"A blog containing all the information you need to know about distance working. Also, receive a free PDF by subscribing to our Newsletter!\",\"breadcrumb\":{\"@id\":\"https:\/\/workfreelly.com\/#breadcrumb\"},\"inLanguage\":\"fr-FR\",\"potentialAction\":[{\"@type\":\"ReadAction\",\"target\":[\"https:\/\/workfreelly.com\/\"]}]},{\"@type\":\"ImageObject\",\"inLanguage\":\"fr-FR\",\"@id\":\"https:\/\/workfreelly.com\/#primaryimage\",\"url\":\"http:\/\/workfreelly.com\/wp-content\/uploads\/2020\/02\/travel-hero-img.jpg\",\"contentUrl\":\"http:\/\/workfreelly.com\/wp-content\/uploads\/2020\/02\/travel-hero-img.jpg\"},{\"@type\":\"BreadcrumbList\",\"@id\":\"https:\/\/workfreelly.com\/#breadcrumb\",\"itemListElement\":[{\"@type\":\"ListItem\",\"position\":1,\"name\":\"Home\",\"item\":\"https:\/\/workfreelly.com\/\"},{\"@type\":\"ListItem\",\"position\":2,\"name\":\"Home\"}]},{\"@type\":\"WebSite\",\"@id\":\"https:\/\/workfreelly.com\/#website\",\"url\":\"https:\/\/workfreelly.com\/\",\"name\":\"Distance Working\",\"description\":\"\",\"potentialAction\":[{\"@type\":\"SearchAction\",\"target\":{\"@type\":\"EntryPoint\",\"urlTemplate\":\"https:\/\/workfreelly.com\/?s={search_term_string}\"},\"query-input\":{\"@type\":\"PropertyValueSpecification\",\"valueRequired\":true,\"valueName\":\"search_term_string\"}}],\"inLanguage\":\"fr-FR\"}]}<\/script>\n<!-- \/ Yoast SEO plugin. -->","yoast_head_json":{"title":"Home - Distance Working","description":"A blog containing all the information you need to know about distance working. Also, receive a free PDF by subscribing to our Newsletter!","robots":{"index":"index","follow":"follow","max-snippet":"max-snippet:-1","max-image-preview":"max-image-preview:large","max-video-preview":"max-video-preview:-1"},"canonical":"https:\/\/workfreelly.com\/fr\/","og_locale":"fr_FR","og_type":"article","og_title":"Home - Distance Working","og_description":"A blog containing all the information you need to know about distance working. Also, receive a free PDF by subscribing to our Newsletter!","og_url":"https:\/\/workfreelly.com\/fr\/","og_site_name":"Distance Working","article_modified_time":"2021-12-02T06:24:02+00:00","og_image":[{"url":"http:\/\/workfreelly.com\/wp-content\/uploads\/2020\/02\/travel-hero-img.jpg","type":"","width":"","height":""}],"twitter_card":"summary_large_image","twitter_misc":{"Dur\u00e9e de lecture estim\u00e9e":"4 minutes"},"schema":{"@context":"https:\/\/schema.org","@graph":[{"@type":"WebPage","@id":"https:\/\/workfreelly.com\/","url":"https:\/\/workfreelly.com\/","name":"Home - Distance Working","isPartOf":{"@id":"https:\/\/workfreelly.com\/#website"},"primaryImageOfPage":{"@id":"https:\/\/workfreelly.com\/#primaryimage"},"image":{"@id":"https:\/\/workfreelly.com\/#primaryimage"},"thumbnailUrl":"http:\/\/workfreelly.com\/wp-content\/uploads\/2020\/02\/travel-hero-img.jpg","datePublished":"2020-09-17T10:26:38+00:00","dateModified":"2021-12-02T06:24:02+00:00","description":"A blog containing all the information you need to know about distance working. Also, receive a free PDF by subscribing to our Newsletter!","breadcrumb":{"@id":"https:\/\/workfreelly.com\/#breadcrumb"},"inLanguage":"fr-FR","potentialAction":[{"@type":"ReadAction","target":["https:\/\/workfreelly.com\/"]}]},{"@type":"ImageObject","inLanguage":"fr-FR","@id":"https:\/\/workfreelly.com\/#primaryimage","url":"http:\/\/workfreelly.com\/wp-content\/uploads\/2020\/02\/travel-hero-img.jpg","contentUrl":"http:\/\/workfreelly.com\/wp-content\/uploads\/2020\/02\/travel-hero-img.jpg"},{"@type":"BreadcrumbList","@id":"https:\/\/workfreelly.com\/#breadcrumb","itemListElement":[{"@type":"ListItem","position":1,"name":"Home","item":"https:\/\/workfreelly.com\/"},{"@type":"ListItem","position":2,"name":"Home"}]},{"@type":"WebSite","@id":"https:\/\/workfreelly.com\/#website","url":"https:\/\/workfreelly.com\/","name":"Distance Working","description":"","potentialAction":[{"@type":"SearchAction","target":{"@type":"EntryPoint","urlTemplate":"https:\/\/workfreelly.com\/?s={search_term_string}"},"query-input":{"@type":"PropertyValueSpecification","valueRequired":true,"valueName":"search_term_string"}}],"inLanguage":"fr-FR"}]}},"post_mailing_queue_ids":[],"_links":{"self":[{"href":"https:\/\/workfreelly.com\/fr\/wp-json\/wp\/v2\/pages\/1718","targetHints":{"allow":["GET"]}}],"collection":[{"href":"https:\/\/workfreelly.com\/fr\/wp-json\/wp\/v2\/pages"}],"about":[{"href":"https:\/\/workfreelly.com\/fr\/wp-json\/wp\/v2\/types\/page"}],"author":[{"embeddable":true,"href":"https:\/\/workfreelly.com\/fr\/wp-json\/wp\/v2\/users\/1"}],"replies":[{"embeddable":true,"href":"https:\/\/workfreelly.com\/fr\/wp-json\/wp\/v2\/comments?post=1718"}],"version-history":[{"count":29,"href":"https:\/\/workfreelly.com\/fr\/wp-json\/wp\/v2\/pages\/1718\/revisions"}],"predecessor-version":[{"id":2093,"href":"https:\/\/workfreelly.com\/fr\/wp-json\/wp\/v2\/pages\/1718\/revisions\/2093"}],"wp:attachment":[{"href":"https:\/\/workfreelly.com\/fr\/wp-json\/wp\/v2\/media?parent=1718"}],"curies":[{"name":"wp","href":"https:\/\/api.w.org\/{rel}","templated":true}]}}