{"id":1720,"date":"2020-09-17T10:27:10","date_gmt":"2020-09-17T10:27:10","guid":{"rendered":"http:\/\/workfreelly.com\/about\/"},"modified":"2021-10-28T18:22:08","modified_gmt":"2021-10-28T18:22:08","slug":"about","status":"publish","type":"page","link":"https:\/\/workfreelly.com\/fr\/about\/","title":{"rendered":"\u00c0 propos"},"content":{"rendered":"<div class=\"wp-block-cover alignfull has-background-dim-70 has-ast-global-color-6-background-color has-background-dim is-position-center-center\" style=\"min-height:450px;aspect-ratio:unset;\"><img fetchpriority=\"high\" decoding=\"async\" width=\"1920\" height=\"720\" class=\"wp-block-cover__image-background wp-image-1694\" alt=\"\" src=\"http:\/\/workfreelly.com\/wp-content\/uploads\/2020\/02\/about-banner.jpg\" data-object-fit=\"cover\" srcset=\"https:\/\/workfreelly.com\/wp-content\/uploads\/2020\/02\/about-banner.jpg 1920w, https:\/\/workfreelly.com\/wp-content\/uploads\/2020\/02\/about-banner-300x113.jpg 300w, https:\/\/workfreelly.com\/wp-content\/uploads\/2020\/02\/about-banner-1024x384.jpg 1024w, https:\/\/workfreelly.com\/wp-content\/uploads\/2020\/02\/about-banner-768x288.jpg 768w, https:\/\/workfreelly.com\/wp-content\/uploads\/2020\/02\/about-banner-1536x576.jpg 1536w\" sizes=\"(max-width: 1920px) 100vw, 1920px\" \/><div class=\"wp-block-cover__inner-container is-layout-flow wp-block-cover-is-layout-flow\">\n<h1 class=\"has-text-align-center has-white-color has-text-color wp-block-heading\">\u00c0 propos<\/h1>\n<\/div><\/div>\n\n\n\n<div class=\"wp-block-group alignfull has-ast-global-color-4-background-color has-background is-layout-flow wp-block-group-is-layout-flow\"><div class=\"wp-block-group__inner-container\">\n<div class=\"wp-block-media-text alignwide has-media-on-the-right is-stacked-on-mobile is-vertically-aligned-center\"><figure class=\"wp-block-media-text__media\"><img decoding=\"async\" width=\"900\" height=\"650\" src=\"http:\/\/workfreelly.com\/wp-content\/uploads\/2020\/02\/traveller-about.jpg\" alt=\"\" class=\"wp-image-1696 size-full\" srcset=\"https:\/\/workfreelly.com\/wp-content\/uploads\/2020\/02\/traveller-about.jpg 900w, https:\/\/workfreelly.com\/wp-content\/uploads\/2020\/02\/traveller-about-300x217.jpg 300w, https:\/\/workfreelly.com\/wp-content\/uploads\/2020\/02\/traveller-about-768x555.jpg 768w\" sizes=\"(max-width: 900px) 100vw, 900px\" \/><\/figure><div class=\"wp-block-media-text__content\">\n<h4 class=\"wp-block-heading\">Bonjour \u00e0 vous<\/h4>\n\n\n\n<h2 class=\"wp-block-heading\">Bienvenue dans l'aventure de Work Freelly<\/h2>\n\n\n\n<p>Notre objectif est de vous fournir toutes les informations dont vous aurez besoin autour du secteur du travail \u00e0 distance.  Diff\u00e9rents articles sont pr\u00e9sent\u00e9s sur le sujet et si vous le souhaitez, vous pouvez \u00e9galement vous inscrire \u00e0 notre Newsletter pour recevoir chaque semaine des informations sur le travail \u00e0 distance ainsi qu'un PDF gratuit pour mieux organiser votre journ\u00e9e lorsque vous vous lancez dans cette aventure passionnante.<\/p>\n\n\n\n<p>Work Freelly souhaite que vous viviez une vie plus libre, plus ind\u00e9pendante et plus \u00e9panouissante. Nous pensons que le travail \u00e0 distance peut \u00eatre un moyen d'atteindre cet objectif tout en vous rendant plus productif pour votre entreprise.<\/p>\n\n\n\n<p><\/p>\n<\/div><\/div>\n<\/div><\/div>\n\n\n\n<div class=\"wp-block-cover alignfull\"><img decoding=\"async\" width=\"1920\" height=\"900\" class=\"wp-block-cover__image-background wp-image-1296\" alt=\"\" src=\"http:\/\/workfreelly.com\/wp-content\/uploads\/2019\/05\/sc01-free-img.jpg\" data-object-fit=\"cover\" srcset=\"https:\/\/workfreelly.com\/wp-content\/uploads\/2019\/05\/sc01-free-img.jpg 1920w, https:\/\/workfreelly.com\/wp-content\/uploads\/2019\/05\/sc01-free-img-300x141.jpg 300w, https:\/\/workfreelly.com\/wp-content\/uploads\/2019\/05\/sc01-free-img-1024x480.jpg 1024w, https:\/\/workfreelly.com\/wp-content\/uploads\/2019\/05\/sc01-free-img-768x360.jpg 768w, https:\/\/workfreelly.com\/wp-content\/uploads\/2019\/05\/sc01-free-img-1536x720.jpg 1536w\" sizes=\"(max-width: 1920px) 100vw, 1920px\" \/><div class=\"wp-block-cover__inner-container is-layout-flow wp-block-cover-is-layout-flow\">\n<h3 class=\"has-text-align-center has-white-color has-text-color wp-block-heading\">Si vous avez des questions, n'h\u00e9sitez pas \u00e0 les poser via notre formulaire <\/h3>\n\n\n\n<h3 class=\"has-text-align-center has-white-color has-text-color wp-block-heading\">ou consultez notre foire aux questions ci-dessous.<\/h3>\n\n\n\n<p class=\"has-text-align-center has-white-color has-text-color\">Vous pouvez \u00e9galement nous contacter directement par le biais de notre courrier \u00e9lectronique \u00e0 l'adresse info@workfreelly.com.<\/p>\n<\/div><\/div>\n\n\n<div class=\"wpforms-container wpforms-block\" id=\"wpforms-1995\"><form id=\"wpforms-form-1995\" class=\"wpforms-validate wpforms-form wpforms-ajax-form\" data-formid=\"1995\" method=\"post\" enctype=\"multipart\/form-data\" action=\"\/fr\/wp-json\/wp\/v2\/pages\/1720\" data-token=\"bb22db5123f3419ac6079edcf84ff6d9\" data-token-time=\"1776538263\" data-trp-original-action=\"\/fr\/wp-json\/wp\/v2\/pages\/1720\"><noscript class=\"wpforms-error-noscript\">Veuillez activer JavaScript dans votre navigateur pour remplir ce formulaire.<\/noscript><div class=\"wpforms-field-container\"><div id=\"wpforms-1995-field_0-container\" class=\"wpforms-field wpforms-field-name\" data-field-id=\"0\"><label class=\"wpforms-field-label\">Coordonn\u00e9es <span class=\"wpforms-required-label\">*<\/span><\/label><div class=\"wpforms-field-row wpforms-field-medium\"><div class=\"wpforms-field-row-block wpforms-first wpforms-one-half\"><input type=\"text\" id=\"wpforms-1995-field_0\" class=\"wpforms-field-name-first wpforms-field-required\" name=\"wpforms[fields][0][first]\" required><label for=\"wpforms-1995-field_0\" class=\"wpforms-field-sublabel after\">Pr\u00e9nom<\/label><\/div><div class=\"wpforms-field-row-block wpforms-one-half\"><input type=\"text\" id=\"wpforms-1995-field_0-last\" class=\"wpforms-field-name-last wpforms-field-required\" name=\"wpforms[fields][0][last]\" required><label for=\"wpforms-1995-field_0-last\" class=\"wpforms-field-sublabel after\">Nom<\/label><\/div><\/div><\/div><div id=\"wpforms-1995-field_1-container\" class=\"wpforms-field wpforms-field-email\" data-field-id=\"1\"><label class=\"wpforms-field-label\" for=\"wpforms-1995-field_1\">Email <span class=\"wpforms-required-label\">*<\/span><\/label><input type=\"email\" id=\"wpforms-1995-field_1\" class=\"wpforms-field-medium wpforms-field-required\" name=\"wpforms[fields][1]\" spellcheck=\"false\" required><\/div><div id=\"wpforms-1995-field_2-container\" class=\"wpforms-field wpforms-field-textarea\" data-field-id=\"2\"><label class=\"wpforms-field-label\" for=\"wpforms-1995-field_2\">N'h\u00e9sitez pas \u00e0 laisser un commentaire ou nous envoyer un message. <span class=\"wpforms-required-label\">*<\/span><\/label><textarea id=\"wpforms-1995-field_2\" class=\"wpforms-field-medium wpforms-field-required\" name=\"wpforms[fields][2]\" required><\/textarea><\/div><\/div><!-- .wpforms-field-container --><div class=\"wpforms-submit-container\" ><input type=\"hidden\" name=\"wpforms[id]\" value=\"1995\"><input type=\"hidden\" name=\"page_title\" value=\"\"><input type=\"hidden\" name=\"page_url\" value=\"https:\/\/workfreelly.com\/fr\/wp-json\/wp\/v2\/pages\/1720\"><input type=\"hidden\" name=\"url_referer\" value=\"\"><button type=\"submit\" name=\"wpforms[submit]\" id=\"wpforms-submit-1995\" class=\"wpforms-submit\" data-alt-text=\"Sending...\" data-submit-text=\"Submit\" aria-live=\"assertive\" value=\"wpforms-submit\">Soumettre<\/button><img loading=\"lazy\" decoding=\"async\" src=\"https:\/\/workfreelly.com\/wp-content\/plugins\/wpforms-lite\/assets\/images\/submit-spin.svg\" class=\"wpforms-submit-spinner\" style=\"display: none;\" width=\"26\" height=\"26\" alt=\"Chargement en cours\"><\/div><input type=\"hidden\" name=\"trp-form-language\" value=\"fr\"\/><\/form><\/div>  <!-- .wpforms-container -->\n\n\n<div class=\"wp-block-group alignfull has-ast-global-color-4-background-color has-background is-layout-flow wp-block-group-is-layout-flow\"><div class=\"wp-block-group__inner-container\">\n<h2 class=\"has-text-align-center wp-block-heading\">Foire aux Questions<\/h2>\n\n\n\n<div class=\"wp-block-columns alignwide is-layout-flex wp-container-core-columns-is-layout-1 wp-block-columns-is-layout-flex\">\n<div class=\"wp-block-column is-layout-flow wp-block-column-is-layout-flow\">\n<div class=\"wp-block-group is-layout-flow wp-block-group-is-layout-flow\"><div class=\"wp-block-group__inner-container\">\n<h5 class=\"wp-block-heading\">1. \u00cates-vous juste en train de mettre en avant une vision romantique du travail \u00e0 distance ?<\/h5>\n\n\n\n<p>Non, pas du tout. Dans notre section blog, nous avons m\u00eame \u00e9crit un article expliquant les inconv\u00e9nients du travail \u00e0 distance et le PDF de la newsletter a pour but de vous aider \u00e0 mieux organiser votre journ\u00e9e lorsque vous travaillez \u00e0 distance. Nous avons pour motivation de vous fournir toutes les informations, qu'elles soient positives ou n\u00e9gatives, sur ce sujet afin que vous puissiez prendre une d\u00e9cision rationnellement inform\u00e9e.<\/p>\n<\/div><\/div>\n\n\n\n<div class=\"wp-block-group is-layout-flow wp-block-group-is-layout-flow\"><div class=\"wp-block-group__inner-container\">\n<h5 class=\"wp-block-heading\">2. Y a-t-il vraiment des emplois disponibles pour le t\u00e9l\u00e9travail ?<\/h5>\n\n\n\n<p>Oui, bien s\u00fbr. Et depuis la crise sanitaire mondiale de 2020, la demande ne fait qu'augmenter et continuera d'augmenter m\u00eame apr\u00e8s la pand\u00e9mie.<\/p>\n<\/div><\/div>\n<\/div>\n\n\n\n<div class=\"wp-block-column is-layout-flow wp-block-column-is-layout-flow\">\n<div class=\"wp-block-group is-layout-flow wp-block-group-is-layout-flow\"><div class=\"wp-block-group__inner-container\">\n<h5 class=\"wp-block-heading\">3. Serai-je moins bien pay\u00e9 ?<\/h5>\n\n\n\n<p>Tout d\u00e9pend notamment du secteur ou de l'entreprise pour lesquels vous travaillez et du nombre d'ann\u00e9es d'exp\u00e9rience dont vous disposez. \u00c0 l'heure actuelle, les donn\u00e9es semblent pencher en faveur d'un revenu l\u00e9g\u00e8rement inf\u00e9rieur. Cependant, ce secteur d'activit\u00e9 est en constante \u00e9volution et il est largement sp\u00e9cul\u00e9 que cela pourrait changer dans l'avenir proche.<\/p>\n<\/div><\/div>\n\n\n\n<div class=\"wp-block-group is-layout-flow wp-block-group-is-layout-flow\"><div class=\"wp-block-group__inner-container\">\n<h5 class=\"wp-block-heading\">4. Le t\u00e9l\u00e9travail est-il risqu\u00e9 ?<\/h5>\n\n\n\n<p>Non, au contraire, vous avez moins de risques d'\u00eatre victime d'un accident du travail en travaillant \u00e0 domicile. Quant aux entreprises, elles n'auront aucune difficult\u00e9 \u00e0 surveiller vos travaux gr\u00e2ce aux technologies modernes. C'est donc une situation gagnante pour les deux parties.<\/p>\n<\/div><\/div>\n<\/div>\n<\/div>\n<\/div><\/div>","protected":false},"excerpt":{"rendered":"<p>Hello there Welcome the adventure of Work Freelly Our aim is to provide you with all the information you&#8217;ll ever need revolving around the remote work sector. Various articles are presented about the topic and if you wish you can also subscribe to our Newsletter to receive weekly information on distance work as well as &hellip;<\/p>\n<p class=\"read-more\"> <a class=\"\" href=\"https:\/\/workfreelly.com\/fr\/about\/\"> <span class=\"screen-reader-text\">\u00c0 propos<\/span> Lire la suite\u00a0\u00bb<\/a><\/p>","protected":false},"author":1,"featured_media":0,"parent":0,"menu_order":0,"comment_status":"closed","ping_status":"closed","template":"","meta":{"om_disable_all_campaigns":false,"footnotes":""},"class_list":["post-1720","page","type-page","status-publish","hentry"],"yoast_head":"<!-- This site is optimized with the Yoast SEO plugin v26.2 - https:\/\/yoast.com\/wordpress\/plugins\/seo\/ -->\n<title>About - Distance Working<\/title>\n<meta name=\"robots\" content=\"index, follow, max-snippet:-1, max-image-preview:large, max-video-preview:-1\" \/>\n<link rel=\"canonical\" href=\"https:\/\/workfreelly.com\/fr\/about\/\" \/>\n<meta property=\"og:locale\" content=\"fr_FR\" \/>\n<meta property=\"og:type\" content=\"article\" \/>\n<meta property=\"og:title\" content=\"About - Distance Working\" \/>\n<meta property=\"og:description\" content=\"Hello there Welcome the adventure of Work Freelly Our aim is to provide you with all the information you&#8217;ll ever need revolving around the remote work sector. Various articles are presented about the topic and if you wish you can also subscribe to our Newsletter to receive weekly information on distance work as well as &hellip; About Lire la suite\u00a0\u00bb\" \/>\n<meta property=\"og:url\" content=\"https:\/\/workfreelly.com\/fr\/about\/\" \/>\n<meta property=\"og:site_name\" content=\"Distance Working\" \/>\n<meta property=\"article:modified_time\" content=\"2021-10-28T18:22:08+00:00\" \/>\n<meta property=\"og:image\" content=\"http:\/\/workfreelly.com\/wp-content\/uploads\/2020\/02\/about-banner.jpg\" \/>\n<meta name=\"twitter:card\" content=\"summary_large_image\" \/>\n<meta name=\"twitter:label1\" content=\"Dur\u00e9e de lecture estim\u00e9e\" \/>\n\t<meta name=\"twitter:data1\" content=\"2 minutes\" \/>\n<script type=\"application\/ld+json\" class=\"yoast-schema-graph\">{\"@context\":\"https:\/\/schema.org\",\"@graph\":[{\"@type\":\"WebPage\",\"@id\":\"https:\/\/workfreelly.com\/about\/\",\"url\":\"https:\/\/workfreelly.com\/about\/\",\"name\":\"About - Distance Working\",\"isPartOf\":{\"@id\":\"https:\/\/workfreelly.com\/#website\"},\"primaryImageOfPage\":{\"@id\":\"https:\/\/workfreelly.com\/about\/#primaryimage\"},\"image\":{\"@id\":\"https:\/\/workfreelly.com\/about\/#primaryimage\"},\"thumbnailUrl\":\"http:\/\/workfreelly.com\/wp-content\/uploads\/2020\/02\/about-banner.jpg\",\"datePublished\":\"2020-09-17T10:27:10+00:00\",\"dateModified\":\"2021-10-28T18:22:08+00:00\",\"breadcrumb\":{\"@id\":\"https:\/\/workfreelly.com\/about\/#breadcrumb\"},\"inLanguage\":\"fr-FR\",\"potentialAction\":[{\"@type\":\"ReadAction\",\"target\":[\"https:\/\/workfreelly.com\/about\/\"]}]},{\"@type\":\"ImageObject\",\"inLanguage\":\"fr-FR\",\"@id\":\"https:\/\/workfreelly.com\/about\/#primaryimage\",\"url\":\"http:\/\/workfreelly.com\/wp-content\/uploads\/2020\/02\/about-banner.jpg\",\"contentUrl\":\"http:\/\/workfreelly.com\/wp-content\/uploads\/2020\/02\/about-banner.jpg\"},{\"@type\":\"BreadcrumbList\",\"@id\":\"https:\/\/workfreelly.com\/about\/#breadcrumb\",\"itemListElement\":[{\"@type\":\"ListItem\",\"position\":1,\"name\":\"Home\",\"item\":\"https:\/\/workfreelly.com\/\"},{\"@type\":\"ListItem\",\"position\":2,\"name\":\"About\"}]},{\"@type\":\"WebSite\",\"@id\":\"https:\/\/workfreelly.com\/#website\",\"url\":\"https:\/\/workfreelly.com\/\",\"name\":\"Distance Working\",\"description\":\"\",\"potentialAction\":[{\"@type\":\"SearchAction\",\"target\":{\"@type\":\"EntryPoint\",\"urlTemplate\":\"https:\/\/workfreelly.com\/?s={search_term_string}\"},\"query-input\":{\"@type\":\"PropertyValueSpecification\",\"valueRequired\":true,\"valueName\":\"search_term_string\"}}],\"inLanguage\":\"fr-FR\"}]}<\/script>\n<!-- \/ Yoast SEO plugin. -->","yoast_head_json":{"title":"About - Distance Working","robots":{"index":"index","follow":"follow","max-snippet":"max-snippet:-1","max-image-preview":"max-image-preview:large","max-video-preview":"max-video-preview:-1"},"canonical":"https:\/\/workfreelly.com\/fr\/about\/","og_locale":"fr_FR","og_type":"article","og_title":"About - Distance Working","og_description":"Hello there Welcome the adventure of Work Freelly Our aim is to provide you with all the information you&#8217;ll ever need revolving around the remote work sector. Various articles are presented about the topic and if you wish you can also subscribe to our Newsletter to receive weekly information on distance work as well as &hellip; About Lire la suite\u00a0\u00bb","og_url":"https:\/\/workfreelly.com\/fr\/about\/","og_site_name":"Distance Working","article_modified_time":"2021-10-28T18:22:08+00:00","og_image":[{"url":"http:\/\/workfreelly.com\/wp-content\/uploads\/2020\/02\/about-banner.jpg","type":"","width":"","height":""}],"twitter_card":"summary_large_image","twitter_misc":{"Dur\u00e9e de lecture estim\u00e9e":"2 minutes"},"schema":{"@context":"https:\/\/schema.org","@graph":[{"@type":"WebPage","@id":"https:\/\/workfreelly.com\/about\/","url":"https:\/\/workfreelly.com\/about\/","name":"About - Distance Working","isPartOf":{"@id":"https:\/\/workfreelly.com\/#website"},"primaryImageOfPage":{"@id":"https:\/\/workfreelly.com\/about\/#primaryimage"},"image":{"@id":"https:\/\/workfreelly.com\/about\/#primaryimage"},"thumbnailUrl":"http:\/\/workfreelly.com\/wp-content\/uploads\/2020\/02\/about-banner.jpg","datePublished":"2020-09-17T10:27:10+00:00","dateModified":"2021-10-28T18:22:08+00:00","breadcrumb":{"@id":"https:\/\/workfreelly.com\/about\/#breadcrumb"},"inLanguage":"fr-FR","potentialAction":[{"@type":"ReadAction","target":["https:\/\/workfreelly.com\/about\/"]}]},{"@type":"ImageObject","inLanguage":"fr-FR","@id":"https:\/\/workfreelly.com\/about\/#primaryimage","url":"http:\/\/workfreelly.com\/wp-content\/uploads\/2020\/02\/about-banner.jpg","contentUrl":"http:\/\/workfreelly.com\/wp-content\/uploads\/2020\/02\/about-banner.jpg"},{"@type":"BreadcrumbList","@id":"https:\/\/workfreelly.com\/about\/#breadcrumb","itemListElement":[{"@type":"ListItem","position":1,"name":"Home","item":"https:\/\/workfreelly.com\/"},{"@type":"ListItem","position":2,"name":"About"}]},{"@type":"WebSite","@id":"https:\/\/workfreelly.com\/#website","url":"https:\/\/workfreelly.com\/","name":"Distance Working","description":"","potentialAction":[{"@type":"SearchAction","target":{"@type":"EntryPoint","urlTemplate":"https:\/\/workfreelly.com\/?s={search_term_string}"},"query-input":{"@type":"PropertyValueSpecification","valueRequired":true,"valueName":"search_term_string"}}],"inLanguage":"fr-FR"}]}},"post_mailing_queue_ids":[],"_links":{"self":[{"href":"https:\/\/workfreelly.com\/fr\/wp-json\/wp\/v2\/pages\/1720","targetHints":{"allow":["GET"]}}],"collection":[{"href":"https:\/\/workfreelly.com\/fr\/wp-json\/wp\/v2\/pages"}],"about":[{"href":"https:\/\/workfreelly.com\/fr\/wp-json\/wp\/v2\/types\/page"}],"author":[{"embeddable":true,"href":"https:\/\/workfreelly.com\/fr\/wp-json\/wp\/v2\/users\/1"}],"replies":[{"embeddable":true,"href":"https:\/\/workfreelly.com\/fr\/wp-json\/wp\/v2\/comments?post=1720"}],"version-history":[{"count":12,"href":"https:\/\/workfreelly.com\/fr\/wp-json\/wp\/v2\/pages\/1720\/revisions"}],"predecessor-version":[{"id":2034,"href":"https:\/\/workfreelly.com\/fr\/wp-json\/wp\/v2\/pages\/1720\/revisions\/2034"}],"wp:attachment":[{"href":"https:\/\/workfreelly.com\/fr\/wp-json\/wp\/v2\/media?parent=1720"}],"curies":[{"name":"wp","href":"https:\/\/api.w.org\/{rel}","templated":true}]}}