{"id":1722,"date":"2020-09-17T10:27:32","date_gmt":"2020-09-17T10:27:32","guid":{"rendered":"http:\/\/workfreelly.com\/blog\/"},"modified":"2021-11-09T15:53:39","modified_gmt":"2021-11-09T15:53:39","slug":"blog","status":"publish","type":"page","link":"https:\/\/workfreelly.com\/fr\/blog\/","title":{"rendered":"Blog"},"content":{"rendered":"<div class=\"wp-block-cover alignfull has-background-dim-70 has-ast-global-color-6-background-color has-background-dim is-position-center-center\" style=\"min-height:450px;aspect-ratio:unset;\"><img fetchpriority=\"high\" decoding=\"async\" width=\"1920\" height=\"720\" class=\"wp-block-cover__image-background wp-image-1701\" alt=\"\" src=\"http:\/\/workfreelly.com\/wp-content\/uploads\/2020\/02\/blog-banner-free-img.jpg\" data-object-fit=\"cover\" srcset=\"https:\/\/workfreelly.com\/wp-content\/uploads\/2020\/02\/blog-banner-free-img.jpg 1920w, https:\/\/workfreelly.com\/wp-content\/uploads\/2020\/02\/blog-banner-free-img-300x113.jpg 300w, https:\/\/workfreelly.com\/wp-content\/uploads\/2020\/02\/blog-banner-free-img-1024x384.jpg 1024w, https:\/\/workfreelly.com\/wp-content\/uploads\/2020\/02\/blog-banner-free-img-768x288.jpg 768w, https:\/\/workfreelly.com\/wp-content\/uploads\/2020\/02\/blog-banner-free-img-1536x576.jpg 1536w\" sizes=\"(max-width: 1920px) 100vw, 1920px\" \/><div class=\"wp-block-cover__inner-container is-layout-flow wp-block-cover-is-layout-flow\">\n<h1 class=\"has-text-align-center has-white-color has-text-color wp-block-heading\">Blog<\/h1>\n<\/div><\/div>\n\n\n\n<div class=\"wp-block-group alignfull has-ast-global-color-4-background-color has-background is-layout-flow wp-block-group-is-layout-flow\"><div class=\"wp-block-group__inner-container\">\n<h2 class=\"has-text-align-center wp-block-heading\">Votre Aventure Commence d\u00e8s Maintenant !<\/h2>\n\n\n\n<p class=\"has-text-align-center\">Dans cette section, divers articles sont pr\u00e9sent\u00e9s pour vous aider \u00e0 mieux comprendre ce qu'est r\u00e9ellement le travail \u00e0 distance. <\/p>\n\n\n\n<p class=\"has-text-align-center\">Aussi, n'h\u00e9sitez pas \u00e0 vous inscrire \u00e0 notre Newsletter pour recevoir des informations hebdomadaires autour du t\u00e9l\u00e9travail ainsi qu'un PDF gratuit listant les 6 choses incontournables pour mieux organiser votre journ\u00e9e de t\u00e9l\u00e9travail.<\/p>\n\n\n\n<ul class=\"wp-block-list\"><li><a href=\"https:\/\/workfreelly.com\/fr\/different-types-of-remote-work\/\">Les Diff\u00e9rents Types de Travail \u00e0 Distance<\/a><\/li><li><a href=\"https:\/\/workfreelly.com\/fr\/remote-work-allows-companies-to-hire-wherever-they-want\/\">Le travail \u00e0 distance permet aux entreprises d'embaucher o\u00f9 elles veulent<\/a><\/li><li><a href=\"https:\/\/workfreelly.com\/fr\/what-does-the-future-of-remote-work-hold-after-the-covid-19-pandemic\/\">Quel est l'avenir du travail \u00e0 distance apr\u00e8s l'\u00e9pid\u00e9mie de COVID-19 ?<\/a><\/li><li><a href=\"https:\/\/workfreelly.com\/fr\/the-three-main-disadvantages-of-remote-work\/\">Les trois principaux inconv\u00e9nients du travail \u00e0 distance<\/a><\/li><li><a href=\"https:\/\/workfreelly.com\/fr\/the-three-main-advantages-of-remote-work\/\">Les trois principaux avantages du t\u00e9l\u00e9travail<\/a><\/li><\/ul>\n\n\n<div class=\"wpforms-container wpforms-block\" id=\"wpforms-1996\"><form id=\"wpforms-form-1996\" class=\"wpforms-validate wpforms-form\" data-formid=\"1996\" method=\"post\" enctype=\"multipart\/form-data\" action=\"\/fr\/wp-json\/wp\/v2\/pages\/1722\" data-token=\"8e7eb25ade83d99ef49816fbe93aff24\" data-token-time=\"1776206361\" data-trp-original-action=\"\/fr\/wp-json\/wp\/v2\/pages\/1722\"><noscript class=\"wpforms-error-noscript\">Veuillez activer JavaScript dans votre navigateur pour remplir ce formulaire.<\/noscript><div class=\"wpforms-field-container\"><div id=\"wpforms-1996-field_1-container\" class=\"wpforms-field wpforms-field-email\" data-field-id=\"1\"><label class=\"wpforms-field-label\" for=\"wpforms-1996-field_1\">Email <span class=\"wpforms-required-label\">*<\/span><\/label><input type=\"email\" id=\"wpforms-1996-field_1\" class=\"wpforms-field-medium wpforms-field-required\" name=\"wpforms[fields][1]\" spellcheck=\"false\" required><\/div><\/div><!-- .wpforms-field-container --><div class=\"wpforms-submit-container\" ><input type=\"hidden\" name=\"wpforms[id]\" value=\"1996\"><input type=\"hidden\" name=\"page_title\" value=\"\"><input type=\"hidden\" name=\"page_url\" value=\"https:\/\/workfreelly.com\/fr\/wp-json\/wp\/v2\/pages\/1722\"><input type=\"hidden\" name=\"url_referer\" value=\"\"><button type=\"submit\" name=\"wpforms[submit]\" id=\"wpforms-submit-1996\" class=\"wpforms-submit\" aria-live=\"assertive\" value=\"wpforms-submit\">Soumettre<\/button><\/div><input type=\"hidden\" name=\"trp-form-language\" value=\"fr\"\/><\/form><\/div>  <!-- .wpforms-container -->\n\n\n<p><\/p>\n<\/div><\/div>","protected":false},"excerpt":{"rendered":"<p>Your Adventure Starts Now In this section, various articles are presented to help develop a better understanding of what remote and distance working actually is. Also, feel free to subscribe to our Newsletter to receive weekly information revolving around distance working as well as a free PDF listing the top 6 things to better organize &hellip;<\/p>\n<p class=\"read-more\"> <a class=\"\" href=\"https:\/\/workfreelly.com\/fr\/blog\/\"> <span class=\"screen-reader-text\">Blog<\/span> Lire la suite\u00a0\u00bb<\/a><\/p>","protected":false},"author":1,"featured_media":0,"parent":0,"menu_order":0,"comment_status":"closed","ping_status":"closed","template":"","meta":{"om_disable_all_campaigns":false,"footnotes":""},"class_list":["post-1722","page","type-page","status-publish","hentry"],"yoast_head":"<!-- This site is optimized with the Yoast SEO plugin v26.2 - https:\/\/yoast.com\/wordpress\/plugins\/seo\/ -->\n<title>Blog - Distance Working<\/title>\n<meta name=\"robots\" content=\"index, follow, max-snippet:-1, max-image-preview:large, max-video-preview:-1\" \/>\n<link rel=\"canonical\" href=\"https:\/\/workfreelly.com\/fr\/blog\/\" \/>\n<meta property=\"og:locale\" content=\"fr_FR\" \/>\n<meta property=\"og:type\" content=\"article\" \/>\n<meta property=\"og:title\" content=\"Blog - Distance Working\" \/>\n<meta property=\"og:description\" content=\"Your Adventure Starts Now In this section, various articles are presented to help develop a better understanding of what remote and distance working actually is. Also, feel free to subscribe to our Newsletter to receive weekly information revolving around distance working as well as a free PDF listing the top 6 things to better organize &hellip; Blog Lire la suite\u00a0\u00bb\" \/>\n<meta property=\"og:url\" content=\"https:\/\/workfreelly.com\/fr\/blog\/\" \/>\n<meta property=\"og:site_name\" content=\"Distance Working\" \/>\n<meta property=\"article:modified_time\" content=\"2021-11-09T15:53:39+00:00\" \/>\n<meta property=\"og:image\" content=\"http:\/\/workfreelly.com\/wp-content\/uploads\/2020\/02\/blog-banner-free-img.jpg\" \/>\n<meta name=\"twitter:card\" content=\"summary_large_image\" \/>\n<meta name=\"twitter:label1\" content=\"Dur\u00e9e de lecture estim\u00e9e\" \/>\n\t<meta name=\"twitter:data1\" content=\"1 minute\" \/>\n<script type=\"application\/ld+json\" class=\"yoast-schema-graph\">{\"@context\":\"https:\/\/schema.org\",\"@graph\":[{\"@type\":\"WebPage\",\"@id\":\"https:\/\/workfreelly.com\/blog\/\",\"url\":\"https:\/\/workfreelly.com\/blog\/\",\"name\":\"Blog - Distance Working\",\"isPartOf\":{\"@id\":\"https:\/\/workfreelly.com\/#website\"},\"primaryImageOfPage\":{\"@id\":\"https:\/\/workfreelly.com\/blog\/#primaryimage\"},\"image\":{\"@id\":\"https:\/\/workfreelly.com\/blog\/#primaryimage\"},\"thumbnailUrl\":\"http:\/\/workfreelly.com\/wp-content\/uploads\/2020\/02\/blog-banner-free-img.jpg\",\"datePublished\":\"2020-09-17T10:27:32+00:00\",\"dateModified\":\"2021-11-09T15:53:39+00:00\",\"breadcrumb\":{\"@id\":\"https:\/\/workfreelly.com\/blog\/#breadcrumb\"},\"inLanguage\":\"fr-FR\",\"potentialAction\":[{\"@type\":\"ReadAction\",\"target\":[\"https:\/\/workfreelly.com\/blog\/\"]}]},{\"@type\":\"ImageObject\",\"inLanguage\":\"fr-FR\",\"@id\":\"https:\/\/workfreelly.com\/blog\/#primaryimage\",\"url\":\"http:\/\/workfreelly.com\/wp-content\/uploads\/2020\/02\/blog-banner-free-img.jpg\",\"contentUrl\":\"http:\/\/workfreelly.com\/wp-content\/uploads\/2020\/02\/blog-banner-free-img.jpg\"},{\"@type\":\"BreadcrumbList\",\"@id\":\"https:\/\/workfreelly.com\/blog\/#breadcrumb\",\"itemListElement\":[{\"@type\":\"ListItem\",\"position\":1,\"name\":\"Home\",\"item\":\"https:\/\/workfreelly.com\/\"},{\"@type\":\"ListItem\",\"position\":2,\"name\":\"Blog\"}]},{\"@type\":\"WebSite\",\"@id\":\"https:\/\/workfreelly.com\/#website\",\"url\":\"https:\/\/workfreelly.com\/\",\"name\":\"Distance Working\",\"description\":\"\",\"potentialAction\":[{\"@type\":\"SearchAction\",\"target\":{\"@type\":\"EntryPoint\",\"urlTemplate\":\"https:\/\/workfreelly.com\/?s={search_term_string}\"},\"query-input\":{\"@type\":\"PropertyValueSpecification\",\"valueRequired\":true,\"valueName\":\"search_term_string\"}}],\"inLanguage\":\"fr-FR\"}]}<\/script>\n<!-- \/ Yoast SEO plugin. -->","yoast_head_json":{"title":"Blog - Distance Working","robots":{"index":"index","follow":"follow","max-snippet":"max-snippet:-1","max-image-preview":"max-image-preview:large","max-video-preview":"max-video-preview:-1"},"canonical":"https:\/\/workfreelly.com\/fr\/blog\/","og_locale":"fr_FR","og_type":"article","og_title":"Blog - Distance Working","og_description":"Your Adventure Starts Now In this section, various articles are presented to help develop a better understanding of what remote and distance working actually is. Also, feel free to subscribe to our Newsletter to receive weekly information revolving around distance working as well as a free PDF listing the top 6 things to better organize &hellip; Blog Lire la suite\u00a0\u00bb","og_url":"https:\/\/workfreelly.com\/fr\/blog\/","og_site_name":"Distance Working","article_modified_time":"2021-11-09T15:53:39+00:00","og_image":[{"url":"http:\/\/workfreelly.com\/wp-content\/uploads\/2020\/02\/blog-banner-free-img.jpg","type":"","width":"","height":""}],"twitter_card":"summary_large_image","twitter_misc":{"Dur\u00e9e de lecture estim\u00e9e":"1 minute"},"schema":{"@context":"https:\/\/schema.org","@graph":[{"@type":"WebPage","@id":"https:\/\/workfreelly.com\/blog\/","url":"https:\/\/workfreelly.com\/blog\/","name":"Blog - Distance Working","isPartOf":{"@id":"https:\/\/workfreelly.com\/#website"},"primaryImageOfPage":{"@id":"https:\/\/workfreelly.com\/blog\/#primaryimage"},"image":{"@id":"https:\/\/workfreelly.com\/blog\/#primaryimage"},"thumbnailUrl":"http:\/\/workfreelly.com\/wp-content\/uploads\/2020\/02\/blog-banner-free-img.jpg","datePublished":"2020-09-17T10:27:32+00:00","dateModified":"2021-11-09T15:53:39+00:00","breadcrumb":{"@id":"https:\/\/workfreelly.com\/blog\/#breadcrumb"},"inLanguage":"fr-FR","potentialAction":[{"@type":"ReadAction","target":["https:\/\/workfreelly.com\/blog\/"]}]},{"@type":"ImageObject","inLanguage":"fr-FR","@id":"https:\/\/workfreelly.com\/blog\/#primaryimage","url":"http:\/\/workfreelly.com\/wp-content\/uploads\/2020\/02\/blog-banner-free-img.jpg","contentUrl":"http:\/\/workfreelly.com\/wp-content\/uploads\/2020\/02\/blog-banner-free-img.jpg"},{"@type":"BreadcrumbList","@id":"https:\/\/workfreelly.com\/blog\/#breadcrumb","itemListElement":[{"@type":"ListItem","position":1,"name":"Home","item":"https:\/\/workfreelly.com\/"},{"@type":"ListItem","position":2,"name":"Blog"}]},{"@type":"WebSite","@id":"https:\/\/workfreelly.com\/#website","url":"https:\/\/workfreelly.com\/","name":"Distance Working","description":"","potentialAction":[{"@type":"SearchAction","target":{"@type":"EntryPoint","urlTemplate":"https:\/\/workfreelly.com\/?s={search_term_string}"},"query-input":{"@type":"PropertyValueSpecification","valueRequired":true,"valueName":"search_term_string"}}],"inLanguage":"fr-FR"}]}},"post_mailing_queue_ids":[],"_links":{"self":[{"href":"https:\/\/workfreelly.com\/fr\/wp-json\/wp\/v2\/pages\/1722","targetHints":{"allow":["GET"]}}],"collection":[{"href":"https:\/\/workfreelly.com\/fr\/wp-json\/wp\/v2\/pages"}],"about":[{"href":"https:\/\/workfreelly.com\/fr\/wp-json\/wp\/v2\/types\/page"}],"author":[{"embeddable":true,"href":"https:\/\/workfreelly.com\/fr\/wp-json\/wp\/v2\/users\/1"}],"replies":[{"embeddable":true,"href":"https:\/\/workfreelly.com\/fr\/wp-json\/wp\/v2\/comments?post=1722"}],"version-history":[{"count":5,"href":"https:\/\/workfreelly.com\/fr\/wp-json\/wp\/v2\/pages\/1722\/revisions"}],"predecessor-version":[{"id":2071,"href":"https:\/\/workfreelly.com\/fr\/wp-json\/wp\/v2\/pages\/1722\/revisions\/2071"}],"wp:attachment":[{"href":"https:\/\/workfreelly.com\/fr\/wp-json\/wp\/v2\/media?parent=1722"}],"curies":[{"name":"wp","href":"https:\/\/api.w.org\/{rel}","templated":true}]}}