{"id":1724,"date":"2020-09-17T10:27:52","date_gmt":"2020-09-17T10:27:52","guid":{"rendered":"http:\/\/workfreelly.com\/destination\/"},"modified":"2021-10-28T16:18:24","modified_gmt":"2021-10-28T16:18:24","slug":"destination","status":"publish","type":"page","link":"https:\/\/workfreelly.com\/fr\/destination\/","title":{"rendered":"Destination"},"content":{"rendered":"<div class=\"wp-block-cover alignfull has-background-dim-70 has-ast-global-color-6-background-color has-background-dim is-position-center-center\" style=\"min-height:450px;aspect-ratio:unset;\"><img fetchpriority=\"high\" decoding=\"async\" width=\"1920\" height=\"720\" class=\"wp-block-cover__image-background wp-image-1707\" alt=\"\" src=\"http:\/\/workfreelly.com\/wp-content\/uploads\/2020\/02\/destination-banner-free-img.jpg\" data-object-fit=\"cover\" srcset=\"https:\/\/workfreelly.com\/wp-content\/uploads\/2020\/02\/destination-banner-free-img.jpg 1920w, https:\/\/workfreelly.com\/wp-content\/uploads\/2020\/02\/destination-banner-free-img-300x113.jpg 300w, https:\/\/workfreelly.com\/wp-content\/uploads\/2020\/02\/destination-banner-free-img-1024x384.jpg 1024w, https:\/\/workfreelly.com\/wp-content\/uploads\/2020\/02\/destination-banner-free-img-768x288.jpg 768w, https:\/\/workfreelly.com\/wp-content\/uploads\/2020\/02\/destination-banner-free-img-1536x576.jpg 1536w\" sizes=\"(max-width: 1920px) 100vw, 1920px\" \/><div class=\"wp-block-cover__inner-container is-layout-flow wp-block-cover-is-layout-flow\">\n<h1 class=\"has-text-align-center has-white-color has-text-color wp-block-heading\">Votre destination devient illimit\u00e9e lorsque vous travaillez \u00e0 distance<\/h1>\n\n\n\n<p><\/p>\n<\/div><\/div>\n\n\n\n<div class=\"wp-block-group alignfull has-ast-global-color-4-background-color has-background is-layout-flow wp-block-group-is-layout-flow\"><div class=\"wp-block-group__inner-container\">\n<h2 class=\"has-text-align-center wp-block-heading\">\u00ab Faites vos valises et r\u00e9servez votre billet, vous partez \u00e0 l'aventure sans m\u00eame devoir \u00e0 quitter le travail \u00bb<\/h2>\n\n\n<div class=\"wpforms-container wpforms-block\" id=\"wpforms-1996\"><form id=\"wpforms-form-1996\" class=\"wpforms-validate wpforms-form\" data-formid=\"1996\" method=\"post\" enctype=\"multipart\/form-data\" action=\"\/fr\/wp-json\/wp\/v2\/pages\/1724\" data-token=\"3359680d84f5df2652f99ec261c6875b\" data-token-time=\"1776536036\" data-trp-original-action=\"\/fr\/wp-json\/wp\/v2\/pages\/1724\"><noscript class=\"wpforms-error-noscript\">Veuillez activer JavaScript dans votre navigateur pour remplir ce formulaire.<\/noscript><div class=\"wpforms-field-container\"><div id=\"wpforms-1996-field_1-container\" class=\"wpforms-field wpforms-field-email\" data-field-id=\"1\"><label class=\"wpforms-field-label\" for=\"wpforms-1996-field_1\">Email <span class=\"wpforms-required-label\">*<\/span><\/label><input type=\"email\" id=\"wpforms-1996-field_1\" class=\"wpforms-field-medium wpforms-field-required\" name=\"wpforms[fields][1]\" spellcheck=\"false\" required><\/div><\/div><!-- .wpforms-field-container --><div class=\"wpforms-submit-container\" ><input type=\"hidden\" name=\"wpforms[id]\" value=\"1996\"><input type=\"hidden\" name=\"page_title\" value=\"\"><input type=\"hidden\" name=\"page_url\" value=\"https:\/\/workfreelly.com\/fr\/wp-json\/wp\/v2\/pages\/1724\"><input type=\"hidden\" name=\"url_referer\" value=\"\"><button type=\"submit\" name=\"wpforms[submit]\" id=\"wpforms-submit-1996\" class=\"wpforms-submit\" aria-live=\"assertive\" value=\"wpforms-submit\">Soumettre<\/button><\/div><input type=\"hidden\" name=\"trp-form-language\" value=\"fr\"\/><\/form><\/div>  <!-- .wpforms-container -->\n\n\n<p class=\"has-text-align-center\">N'h\u00e9sitez pas \u00e0 vous inscrire \u00e0 notre newsletter pour recevoir chaque semaine des informations sur le travail \u00e0 distance ainsi qu'un PDF gratuit r\u00e9pertoriant les 6 principales choses \u00e0 faire pour mieux organiser sa journ\u00e9e lorsqu'on travaille \u00e0 distance.<\/p>\n\n\n\n<div class=\"wp-block-columns are-vertically-aligned-top is-layout-flex wp-container-core-columns-is-layout-1 wp-block-columns-is-layout-flex\">\n<div class=\"wp-block-column is-vertically-aligned-top is-layout-flow wp-block-column-is-layout-flow\">\n<figure class=\"wp-block-image size-large is-style-default\"><img decoding=\"async\" width=\"500\" height=\"600\" src=\"http:\/\/workfreelly.com\/wp-content\/uploads\/2019\/05\/af04-free-img.jpg\" alt=\"\" class=\"wp-image-857\" srcset=\"https:\/\/workfreelly.com\/wp-content\/uploads\/2019\/05\/af04-free-img.jpg 500w, https:\/\/workfreelly.com\/wp-content\/uploads\/2019\/05\/af04-free-img-250x300.jpg 250w\" sizes=\"(max-width: 500px) 100vw, 500px\" \/><\/figure>\n\n\n\n<h6 class=\"wp-block-heading\">AFRIQUE<\/h6>\n\n\n\n<h3 class=\"wp-block-heading\">Un voyage dans le D\u00e9sert du Sahara<\/h3>\n<\/div>\n\n\n\n<div class=\"wp-block-column is-vertically-aligned-top is-layout-flow wp-block-column-is-layout-flow\">\n<figure class=\"wp-block-image size-large is-style-default\"><img decoding=\"async\" width=\"500\" height=\"600\" src=\"http:\/\/workfreelly.com\/wp-content\/uploads\/2019\/05\/af03-free-img.jpg\" alt=\"\" class=\"wp-image-858\" srcset=\"https:\/\/workfreelly.com\/wp-content\/uploads\/2019\/05\/af03-free-img.jpg 500w, https:\/\/workfreelly.com\/wp-content\/uploads\/2019\/05\/af03-free-img-250x300.jpg 250w\" sizes=\"(max-width: 500px) 100vw, 500px\" \/><\/figure>\n\n\n\n<h6 class=\"wp-block-heading\">NOUVELLE-Z\u00c9LANDE<\/h6>\n\n\n\n<h3 class=\"wp-block-heading\">La Comt\u00e9, non plus un r\u00eave mais une r\u00e9alit\u00e9<\/h3>\n<\/div>\n\n\n\n<div class=\"wp-block-column is-vertically-aligned-top is-layout-flow wp-block-column-is-layout-flow\">\n<figure class=\"wp-block-image size-large is-style-default\"><img loading=\"lazy\" decoding=\"async\" width=\"500\" height=\"600\" src=\"http:\/\/workfreelly.com\/wp-content\/uploads\/2019\/05\/af05-free-img.jpg\" alt=\"\" class=\"wp-image-855\" srcset=\"https:\/\/workfreelly.com\/wp-content\/uploads\/2019\/05\/af05-free-img.jpg 500w, https:\/\/workfreelly.com\/wp-content\/uploads\/2019\/05\/af05-free-img-250x300.jpg 250w\" sizes=\"(max-width: 500px) 100vw, 500px\" \/><\/figure>\n\n\n\n<h6 class=\"wp-block-heading\">AFRIQUE<\/h6>\n\n\n\n<h3 class=\"wp-block-heading\">Assister au coucher du Soleil<\/h3>\n<\/div>\n<\/div>\n\n\n\n<p><\/p>\n\n\n\n<div class=\"wp-block-columns are-vertically-aligned-top is-layout-flex wp-container-core-columns-is-layout-2 wp-block-columns-is-layout-flex\">\n<div class=\"wp-block-column is-vertically-aligned-top is-layout-flow wp-block-column-is-layout-flow\">\n<figure class=\"wp-block-image size-large is-style-default\"><img loading=\"lazy\" decoding=\"async\" width=\"500\" height=\"600\" src=\"http:\/\/workfreelly.com\/wp-content\/uploads\/2019\/05\/oce0-free-img.jpg\" alt=\"\" class=\"wp-image-905\" srcset=\"https:\/\/workfreelly.com\/wp-content\/uploads\/2019\/05\/oce0-free-img.jpg 500w, https:\/\/workfreelly.com\/wp-content\/uploads\/2019\/05\/oce0-free-img-250x300.jpg 250w\" sizes=\"(max-width: 500px) 100vw, 500px\" \/><\/figure>\n\n\n\n<h6 class=\"wp-block-heading\">OC\u00c9ANIE<\/h6>\n\n\n\n<h3 class=\"wp-block-heading\">Un safari en cano\u00eb sur la fleuve Whanganui<\/h3>\n<\/div>\n\n\n\n<div class=\"wp-block-column is-vertically-aligned-top is-layout-flow wp-block-column-is-layout-flow\">\n<figure class=\"wp-block-image size-large is-style-default\"><img loading=\"lazy\" decoding=\"async\" width=\"500\" height=\"600\" src=\"http:\/\/workfreelly.com\/wp-content\/uploads\/2019\/05\/oce03.jpg\" alt=\"\" class=\"wp-image-908\" srcset=\"https:\/\/workfreelly.com\/wp-content\/uploads\/2019\/05\/oce03.jpg 500w, https:\/\/workfreelly.com\/wp-content\/uploads\/2019\/05\/oce03-250x300.jpg 250w\" sizes=\"(max-width: 500px) 100vw, 500px\" \/><\/figure>\n\n\n\n<h6 class=\"wp-block-heading\">L'AM\u00c9RIQUE CENTRALE<\/h6>\n\n\n\n<h3 class=\"wp-block-heading\">Pas besoin de boussole, le Soleil sera votre guide<\/h3>\n<\/div>\n\n\n\n<div class=\"wp-block-column is-vertically-aligned-top is-layout-flow wp-block-column-is-layout-flow\">\n<figure class=\"wp-block-image size-large is-style-default\"><img loading=\"lazy\" decoding=\"async\" width=\"500\" height=\"600\" src=\"http:\/\/workfreelly.com\/wp-content\/uploads\/2019\/05\/oce02-free-img.jpg\" alt=\"\" class=\"wp-image-906\" srcset=\"https:\/\/workfreelly.com\/wp-content\/uploads\/2019\/05\/oce02-free-img.jpg 500w, https:\/\/workfreelly.com\/wp-content\/uploads\/2019\/05\/oce02-free-img-250x300.jpg 250w\" sizes=\"(max-width: 500px) 100vw, 500px\" \/><\/figure>\n\n\n\n<h6 class=\"wp-block-heading\">LES ALPES<\/h6>\n\n\n\n<h3 class=\"wp-block-heading\">Participe \u00e0 une randonn\u00e9e p\u00e9destre dans les Alpes, l\u2019aventure vous attend !<\/h3>\n<\/div>\n<\/div>\n\n\n\n<p><\/p>\n\n\n\n<div class=\"wp-block-columns are-vertically-aligned-top is-layout-flex wp-container-core-columns-is-layout-3 wp-block-columns-is-layout-flex\">\n<div class=\"wp-block-column is-vertically-aligned-top is-layout-flow wp-block-column-is-layout-flow\">\n<figure class=\"wp-block-image size-large is-style-default\"><img decoding=\"async\" src=\"http:\/\/workfreelly.com\/wp-content\/uploads\/2019\/05\/cb01-free-img.jpg\" alt=\"\" class=\"wp-image-1128\"\/><\/figure>\n\n\n\n<h6 class=\"wp-block-heading\">GROENLAND<\/h6>\n\n\n\n<h3 class=\"wp-block-heading\">Randonn\u00e9e sur le sentier du Cercle Arctique au Groenland<\/h3>\n<\/div>\n\n\n\n<div class=\"wp-block-column is-vertically-aligned-top is-layout-flow wp-block-column-is-layout-flow\">\n<figure class=\"wp-block-image size-large is-style-default\"><img decoding=\"async\" src=\"http:\/\/workfreelly.com\/wp-content\/uploads\/2019\/05\/cb02-free-img.jpg\" alt=\"\" class=\"wp-image-1129\"\/><\/figure>\n\n\n\n<h6 class=\"wp-block-heading\">L'EUROPE<\/h6>\n\n\n\n<h3 class=\"wp-block-heading\">Les belles plages de Corse<\/h3>\n<\/div>\n\n\n\n<div class=\"wp-block-column is-vertically-aligned-top is-layout-flow wp-block-column-is-layout-flow\">\n<figure class=\"wp-block-image size-large is-style-default\"><img decoding=\"async\" src=\"http:\/\/workfreelly.com\/wp-content\/uploads\/2019\/05\/cb03-free-img.jpg\" alt=\"\" class=\"wp-image-1130\"\/><\/figure>\n\n\n\n<h6 class=\"wp-block-heading\">L'EUROPE<\/h6>\n\n\n\n<h3 class=\"wp-block-heading\">Venez visiter les rivages sublime de l'\u00c9cosse !<\/h3>\n<\/div>\n<\/div>\n<\/div><\/div>\n\n\n\n<p>Voici quelques endroits que vous pourriez visiter lorsque vous travaillez \u00e0 distance ou, mieux encore, il pourrait s'agir d'endroits o\u00f9 vous r\u00e9sidez actuellement et qui vous emp\u00eachent de trouver du travail. Maintenant, gr\u00e2ce \u00e0 Internet, ces barri\u00e8res g\u00e9ographiques ne vous g\u00eaneront plus dans votre recherche d'emploi.<\/p>","protected":false},"excerpt":{"rendered":"<p>\u201cPack your bags and book your ticket, you\u2019re going on an adventure without even having to leave work\u201d Feel free to subscribe to our Newsletter to receive weekly information revolving around distance working as well a free pdf listing the top 6 things to better organize your day when working remotely. AFRICA A trip through &hellip;<\/p>\n<p class=\"read-more\"> <a class=\"\" href=\"https:\/\/workfreelly.com\/fr\/destination\/\"> <span class=\"screen-reader-text\">Destination<\/span> Lire la suite\u00a0\u00bb<\/a><\/p>","protected":false},"author":1,"featured_media":0,"parent":0,"menu_order":0,"comment_status":"closed","ping_status":"closed","template":"","meta":{"om_disable_all_campaigns":false,"footnotes":""},"class_list":["post-1724","page","type-page","status-publish","hentry"],"yoast_head":"<!-- This site is optimized with the Yoast SEO plugin v26.2 - https:\/\/yoast.com\/wordpress\/plugins\/seo\/ -->\n<title>Destination - Distance Working<\/title>\n<meta name=\"robots\" content=\"index, follow, max-snippet:-1, max-image-preview:large, max-video-preview:-1\" \/>\n<link rel=\"canonical\" href=\"https:\/\/workfreelly.com\/fr\/destination\/\" \/>\n<meta property=\"og:locale\" content=\"fr_FR\" \/>\n<meta property=\"og:type\" content=\"article\" \/>\n<meta property=\"og:title\" content=\"Destination - Distance Working\" \/>\n<meta property=\"og:description\" content=\"\u201cPack your bags and book your ticket, you\u2019re going on an adventure without even having to leave work\u201d Feel free to subscribe to our Newsletter to receive weekly information revolving around distance working as well a free pdf listing the top 6 things to better organize your day when working remotely. AFRICA A trip through &hellip; Destination Lire la suite\u00a0\u00bb\" \/>\n<meta property=\"og:url\" content=\"https:\/\/workfreelly.com\/fr\/destination\/\" \/>\n<meta property=\"og:site_name\" content=\"Distance Working\" \/>\n<meta property=\"article:modified_time\" content=\"2021-10-28T16:18:24+00:00\" \/>\n<meta property=\"og:image\" content=\"http:\/\/workfreelly.com\/wp-content\/uploads\/2020\/02\/destination-banner-free-img.jpg\" \/>\n<meta name=\"twitter:card\" content=\"summary_large_image\" \/>\n<meta name=\"twitter:label1\" content=\"Dur\u00e9e de lecture estim\u00e9e\" \/>\n\t<meta name=\"twitter:data1\" content=\"3 minutes\" \/>\n<script type=\"application\/ld+json\" class=\"yoast-schema-graph\">{\"@context\":\"https:\/\/schema.org\",\"@graph\":[{\"@type\":\"WebPage\",\"@id\":\"https:\/\/workfreelly.com\/destination\/\",\"url\":\"https:\/\/workfreelly.com\/destination\/\",\"name\":\"Destination - Distance Working\",\"isPartOf\":{\"@id\":\"https:\/\/workfreelly.com\/#website\"},\"primaryImageOfPage\":{\"@id\":\"https:\/\/workfreelly.com\/destination\/#primaryimage\"},\"image\":{\"@id\":\"https:\/\/workfreelly.com\/destination\/#primaryimage\"},\"thumbnailUrl\":\"http:\/\/workfreelly.com\/wp-content\/uploads\/2020\/02\/destination-banner-free-img.jpg\",\"datePublished\":\"2020-09-17T10:27:52+00:00\",\"dateModified\":\"2021-10-28T16:18:24+00:00\",\"breadcrumb\":{\"@id\":\"https:\/\/workfreelly.com\/destination\/#breadcrumb\"},\"inLanguage\":\"fr-FR\",\"potentialAction\":[{\"@type\":\"ReadAction\",\"target\":[\"https:\/\/workfreelly.com\/destination\/\"]}]},{\"@type\":\"ImageObject\",\"inLanguage\":\"fr-FR\",\"@id\":\"https:\/\/workfreelly.com\/destination\/#primaryimage\",\"url\":\"http:\/\/workfreelly.com\/wp-content\/uploads\/2020\/02\/destination-banner-free-img.jpg\",\"contentUrl\":\"http:\/\/workfreelly.com\/wp-content\/uploads\/2020\/02\/destination-banner-free-img.jpg\"},{\"@type\":\"BreadcrumbList\",\"@id\":\"https:\/\/workfreelly.com\/destination\/#breadcrumb\",\"itemListElement\":[{\"@type\":\"ListItem\",\"position\":1,\"name\":\"Home\",\"item\":\"https:\/\/workfreelly.com\/\"},{\"@type\":\"ListItem\",\"position\":2,\"name\":\"Destination\"}]},{\"@type\":\"WebSite\",\"@id\":\"https:\/\/workfreelly.com\/#website\",\"url\":\"https:\/\/workfreelly.com\/\",\"name\":\"Distance Working\",\"description\":\"\",\"potentialAction\":[{\"@type\":\"SearchAction\",\"target\":{\"@type\":\"EntryPoint\",\"urlTemplate\":\"https:\/\/workfreelly.com\/?s={search_term_string}\"},\"query-input\":{\"@type\":\"PropertyValueSpecification\",\"valueRequired\":true,\"valueName\":\"search_term_string\"}}],\"inLanguage\":\"fr-FR\"}]}<\/script>\n<!-- \/ Yoast SEO plugin. -->","yoast_head_json":{"title":"Destination - Distance Working","robots":{"index":"index","follow":"follow","max-snippet":"max-snippet:-1","max-image-preview":"max-image-preview:large","max-video-preview":"max-video-preview:-1"},"canonical":"https:\/\/workfreelly.com\/fr\/destination\/","og_locale":"fr_FR","og_type":"article","og_title":"Destination - Distance Working","og_description":"\u201cPack your bags and book your ticket, you\u2019re going on an adventure without even having to leave work\u201d Feel free to subscribe to our Newsletter to receive weekly information revolving around distance working as well a free pdf listing the top 6 things to better organize your day when working remotely. AFRICA A trip through &hellip; Destination Lire la suite\u00a0\u00bb","og_url":"https:\/\/workfreelly.com\/fr\/destination\/","og_site_name":"Distance Working","article_modified_time":"2021-10-28T16:18:24+00:00","og_image":[{"url":"http:\/\/workfreelly.com\/wp-content\/uploads\/2020\/02\/destination-banner-free-img.jpg","type":"","width":"","height":""}],"twitter_card":"summary_large_image","twitter_misc":{"Dur\u00e9e de lecture estim\u00e9e":"3 minutes"},"schema":{"@context":"https:\/\/schema.org","@graph":[{"@type":"WebPage","@id":"https:\/\/workfreelly.com\/destination\/","url":"https:\/\/workfreelly.com\/destination\/","name":"Destination - Distance Working","isPartOf":{"@id":"https:\/\/workfreelly.com\/#website"},"primaryImageOfPage":{"@id":"https:\/\/workfreelly.com\/destination\/#primaryimage"},"image":{"@id":"https:\/\/workfreelly.com\/destination\/#primaryimage"},"thumbnailUrl":"http:\/\/workfreelly.com\/wp-content\/uploads\/2020\/02\/destination-banner-free-img.jpg","datePublished":"2020-09-17T10:27:52+00:00","dateModified":"2021-10-28T16:18:24+00:00","breadcrumb":{"@id":"https:\/\/workfreelly.com\/destination\/#breadcrumb"},"inLanguage":"fr-FR","potentialAction":[{"@type":"ReadAction","target":["https:\/\/workfreelly.com\/destination\/"]}]},{"@type":"ImageObject","inLanguage":"fr-FR","@id":"https:\/\/workfreelly.com\/destination\/#primaryimage","url":"http:\/\/workfreelly.com\/wp-content\/uploads\/2020\/02\/destination-banner-free-img.jpg","contentUrl":"http:\/\/workfreelly.com\/wp-content\/uploads\/2020\/02\/destination-banner-free-img.jpg"},{"@type":"BreadcrumbList","@id":"https:\/\/workfreelly.com\/destination\/#breadcrumb","itemListElement":[{"@type":"ListItem","position":1,"name":"Home","item":"https:\/\/workfreelly.com\/"},{"@type":"ListItem","position":2,"name":"Destination"}]},{"@type":"WebSite","@id":"https:\/\/workfreelly.com\/#website","url":"https:\/\/workfreelly.com\/","name":"Distance Working","description":"","potentialAction":[{"@type":"SearchAction","target":{"@type":"EntryPoint","urlTemplate":"https:\/\/workfreelly.com\/?s={search_term_string}"},"query-input":{"@type":"PropertyValueSpecification","valueRequired":true,"valueName":"search_term_string"}}],"inLanguage":"fr-FR"}]}},"post_mailing_queue_ids":[],"_links":{"self":[{"href":"https:\/\/workfreelly.com\/fr\/wp-json\/wp\/v2\/pages\/1724","targetHints":{"allow":["GET"]}}],"collection":[{"href":"https:\/\/workfreelly.com\/fr\/wp-json\/wp\/v2\/pages"}],"about":[{"href":"https:\/\/workfreelly.com\/fr\/wp-json\/wp\/v2\/types\/page"}],"author":[{"embeddable":true,"href":"https:\/\/workfreelly.com\/fr\/wp-json\/wp\/v2\/users\/1"}],"replies":[{"embeddable":true,"href":"https:\/\/workfreelly.com\/fr\/wp-json\/wp\/v2\/comments?post=1724"}],"version-history":[{"count":3,"href":"https:\/\/workfreelly.com\/fr\/wp-json\/wp\/v2\/pages\/1724\/revisions"}],"predecessor-version":[{"id":2026,"href":"https:\/\/workfreelly.com\/fr\/wp-json\/wp\/v2\/pages\/1724\/revisions\/2026"}],"wp:attachment":[{"href":"https:\/\/workfreelly.com\/fr\/wp-json\/wp\/v2\/media?parent=1724"}],"curies":[{"name":"wp","href":"https:\/\/api.w.org\/{rel}","templated":true}]}}