{"id":1915,"date":"2021-10-25T15:06:30","date_gmt":"2021-10-25T15:06:30","guid":{"rendered":"http:\/\/workfreelly.com\/?page_id=1915"},"modified":"2021-10-25T20:04:25","modified_gmt":"2021-10-25T20:04:25","slug":"the-three-main-advantages-of-remote-work","status":"publish","type":"page","link":"https:\/\/workfreelly.com\/fr\/the-three-main-advantages-of-remote-work\/","title":{"rendered":"Les trois principaux avantages du t\u00e9l\u00e9travail"},"content":{"rendered":"<p><\/p>\n\n\n\n<figure class=\"wp-block-image size-large is-resized\"><img fetchpriority=\"high\" decoding=\"async\" src=\"http:\/\/workfreelly.com\/wp-content\/uploads\/2021\/10\/work-1024x684.jpg\" alt=\"\" class=\"wp-image-1977\" width=\"792\" height=\"529\" srcset=\"https:\/\/workfreelly.com\/wp-content\/uploads\/2021\/10\/work-1024x684.jpg 1024w, https:\/\/workfreelly.com\/wp-content\/uploads\/2021\/10\/work-300x200.jpg 300w, https:\/\/workfreelly.com\/wp-content\/uploads\/2021\/10\/work-768x513.jpg 768w, https:\/\/workfreelly.com\/wp-content\/uploads\/2021\/10\/work-1536x1026.jpg 1536w, https:\/\/workfreelly.com\/wp-content\/uploads\/2021\/10\/work-2048x1368.jpg 2048w\" sizes=\"(max-width: 792px) 100vw, 792px\" \/><\/figure>\n\n\n\n<ol class=\"wp-block-list\"><li><strong>Une meilleure gestion du temps ainsi que des \u00e9conomies financi\u00e8res et moins d'\u00e9missions de CO2<\/strong><\/li><\/ol>\n\n\n\n<p>Se rendre de son domicile \u00e0 son travail peut co\u00fbter beaucoup de temps et d'argent, surtout si l'on tient compte des embouteillages. Le t\u00e9l\u00e9travail permettrait aux personnes d'avoir du temps suppl\u00e9mentaire dans la journ\u00e9e.<\/p>\n\n\n\n<p>Ce type de mode de vie est \u00e9galement n\u00e9faste pour l'environnement et la biodiversit\u00e9. Le t\u00e9l\u00e9travail permet de r\u00e9duit consid\u00e9rablement notre empreinte carbone, rendant ainsi la plan\u00e8te plus durable pour les g\u00e9n\u00e9rations futures.<\/p>\n\n\n\n<p>M\u00eame si nous prenons en compte les co\u00fbts du travail \u00e0 domicile, tels que l'\u00e9lectricit\u00e9 et le chauffage, les avantages l'emportent de loin sur le co\u00fbt.<\/p>\n\n\n\n<p>Les entreprises peuvent \u00e9galement \u00e9conomiser de l'argent en faisant travailler leurs employ\u00e9s \u00e0 domicile, car cela leur \u00e9vite des co\u00fbts suppl\u00e9mentaires tels que la location de locaux et de places de parking, ou m\u00eame de devoir payer pour que leurs employ\u00e9s se d\u00e9placent pour des r\u00e9unions, etc.<\/p>\n\n\n\n<p>Le t\u00e9l\u00e9travail est \u00e0 la fois b\u00e9n\u00e9fique pour les employeurs et les employ\u00e9s, car il r\u00e9duit consid\u00e9rablement leurs co\u00fbts de gestion.<\/p>\n\n\n\n<ol class=\"wp-block-list\" start=\"2\"><li><strong>Le travail \u00e0 distance augmente \u00e9galement la productivit\u00e9 en raison de la diminution des distractions<\/strong><\/li><\/ol>\n\n\n\n<p>Beaucoup de gens l'ignorent, mais le travail en entreprise est source de nombreuses distractions, comme les interruptions des coll\u00e8gues et, bien s\u00fbr, le bavardage. Avec le travail \u00e0 distance, les employ\u00e9s peuvent \u00e9viter ces distractions et \u00eatre plus productifs.<\/p>\n\n\n\n<p>Une maison est g\u00e9n\u00e9ralement un lieu solitaire o\u00f9 les gens vont pour trouver la tranquillit\u00e9 et pouvoir travailler dans un tel environnement pourrait non seulement augmenter consid\u00e9rablement la productivit\u00e9 du travail mais aussi \u00eatre b\u00e9n\u00e9fique pour la sant\u00e9 mentale.<\/p>\n\n\n\n<p>Le travail \u00e0 distance offre aux employ\u00e9s des horaires plus flexibles leur permettant de vivre plus en harmonie avec leur rythme biologique et de conserver leur \u00e9nergie pendant la journ\u00e9e.<\/p>\n\n\n\n<p>Les employ\u00e9s devront am\u00e9nager leur domicile pour qu'il soit adapt\u00e9 au travail, mais cela ne devrait pas \u00eatre un trop grand obstacle \u00e0 surmonter.<\/p>\n\n\n\n<p>Cependant, il est vrai qu'au d\u00e9but, la gestion du temps personnel peut \u00eatre un obstacle. C'est pourquoi il est important de pr\u00e9-organiser son temps avant de commencer, il faut une p\u00e9riode d'adaptation. Veillez \u00e0 ce qu'un dialogue ad\u00e9quat s'\u00e9tablisse entre l'employ\u00e9 et l'employeur pour mieux g\u00e9rer le temps avant le d\u00e9but du travail.<\/p>\n\n\n\n<ol class=\"wp-block-list\" start=\"3\"><li><strong>La croissance rapide du t\u00e9l\u00e9travail<\/strong><\/li><\/ol>\n\n\n\n<p>La pand\u00e9mie mondiale du COVID-19 a fait cro\u00eetre le t\u00e9l\u00e9travail de mani\u00e8re exponentielle, en cons\u00e9quence, on s'attend \u00e0 ce que davantage d'entreprises adoptent \u00e9galement cette m\u00e9thode de travail m\u00eame apr\u00e8s la pand\u00e9mie.<\/p>\n\n\n\n<p>Les employ\u00e9s consid\u00e8rent d\u00e9sormais que la flexibilit\u00e9 du temps et de l'espace fait partie du lieu de travail, ou du moins du lieu de travail moderne.<\/p>\n\n\n\n<p>Le fait d'avoir des politiques d'horaires et d'espaces flexibles signifie que les employeurs sont en mesure d'attirer de meilleurs talents pour leur entreprise, sans pratiquement aucune barri\u00e8re g\u00e9ographique.<\/p>\n\n\n\n<p>Offrir des conditions de travail flexibles est \u00e9galement un excellent moyen d'attirer les meilleurs candidats pour l'entreprise<\/p>\n\n\n\n<p>et d'obtenir d'eux la meilleure productivit\u00e9.<\/p>","protected":false},"excerpt":{"rendered":"<p>Better time management as well as financial savings and less CO2 emissions Traveling from home to work can cost a lot of time and money especially if we can take into account traffic jams. Remote work would enable people to have extra time during the day. This type of lifestyle is also devasting for the &hellip;<\/p>\n<p class=\"read-more\"> <a class=\"\" href=\"https:\/\/workfreelly.com\/fr\/the-three-main-advantages-of-remote-work\/\"> <span class=\"screen-reader-text\">Les trois principaux avantages du t\u00e9l\u00e9travail<\/span> Lire la suite\u00a0\u00bb<\/a><\/p>","protected":false},"author":1,"featured_media":0,"parent":0,"menu_order":0,"comment_status":"closed","ping_status":"closed","template":"","meta":{"om_disable_all_campaigns":false,"footnotes":""},"class_list":["post-1915","page","type-page","status-publish","hentry"],"yoast_head":"<!-- This site is optimized with the Yoast SEO plugin v26.2 - https:\/\/yoast.com\/wordpress\/plugins\/seo\/ -->\n<title>The three main advantages of remote work - Distance Working<\/title>\n<meta name=\"robots\" content=\"index, follow, max-snippet:-1, max-image-preview:large, max-video-preview:-1\" \/>\n<link rel=\"canonical\" href=\"https:\/\/workfreelly.com\/fr\/the-three-main-advantages-of-remote-work\/\" \/>\n<meta property=\"og:locale\" content=\"fr_FR\" \/>\n<meta property=\"og:type\" content=\"article\" \/>\n<meta property=\"og:title\" content=\"The three main advantages of remote work - Distance Working\" \/>\n<meta property=\"og:description\" content=\"Better time management as well as financial savings and less CO2 emissions Traveling from home to work can cost a lot of time and money especially if we can take into account traffic jams. Remote work would enable people to have extra time during the day. This type of lifestyle is also devasting for the &hellip; The three main advantages of remote work Lire la suite\u00a0\u00bb\" \/>\n<meta property=\"og:url\" content=\"https:\/\/workfreelly.com\/fr\/the-three-main-advantages-of-remote-work\/\" \/>\n<meta property=\"og:site_name\" content=\"Distance Working\" \/>\n<meta property=\"article:modified_time\" content=\"2021-10-25T20:04:25+00:00\" \/>\n<meta property=\"og:image\" content=\"http:\/\/workfreelly.com\/wp-content\/uploads\/2021\/10\/work-1024x684.jpg\" \/>\n<meta name=\"twitter:card\" content=\"summary_large_image\" \/>\n<meta name=\"twitter:label1\" content=\"Dur\u00e9e de lecture estim\u00e9e\" \/>\n\t<meta name=\"twitter:data1\" content=\"2 minutes\" \/>\n<script type=\"application\/ld+json\" class=\"yoast-schema-graph\">{\"@context\":\"https:\/\/schema.org\",\"@graph\":[{\"@type\":\"WebPage\",\"@id\":\"https:\/\/workfreelly.com\/the-three-main-advantages-of-remote-work\/\",\"url\":\"https:\/\/workfreelly.com\/the-three-main-advantages-of-remote-work\/\",\"name\":\"The three main advantages of remote work - Distance Working\",\"isPartOf\":{\"@id\":\"https:\/\/workfreelly.com\/#website\"},\"primaryImageOfPage\":{\"@id\":\"https:\/\/workfreelly.com\/the-three-main-advantages-of-remote-work\/#primaryimage\"},\"image\":{\"@id\":\"https:\/\/workfreelly.com\/the-three-main-advantages-of-remote-work\/#primaryimage\"},\"thumbnailUrl\":\"http:\/\/workfreelly.com\/wp-content\/uploads\/2021\/10\/work-1024x684.jpg\",\"datePublished\":\"2021-10-25T15:06:30+00:00\",\"dateModified\":\"2021-10-25T20:04:25+00:00\",\"breadcrumb\":{\"@id\":\"https:\/\/workfreelly.com\/the-three-main-advantages-of-remote-work\/#breadcrumb\"},\"inLanguage\":\"fr-FR\",\"potentialAction\":[{\"@type\":\"ReadAction\",\"target\":[\"https:\/\/workfreelly.com\/the-three-main-advantages-of-remote-work\/\"]}]},{\"@type\":\"ImageObject\",\"inLanguage\":\"fr-FR\",\"@id\":\"https:\/\/workfreelly.com\/the-three-main-advantages-of-remote-work\/#primaryimage\",\"url\":\"http:\/\/workfreelly.com\/wp-content\/uploads\/2021\/10\/work-1024x684.jpg\",\"contentUrl\":\"http:\/\/workfreelly.com\/wp-content\/uploads\/2021\/10\/work-1024x684.jpg\"},{\"@type\":\"BreadcrumbList\",\"@id\":\"https:\/\/workfreelly.com\/the-three-main-advantages-of-remote-work\/#breadcrumb\",\"itemListElement\":[{\"@type\":\"ListItem\",\"position\":1,\"name\":\"Home\",\"item\":\"https:\/\/workfreelly.com\/\"},{\"@type\":\"ListItem\",\"position\":2,\"name\":\"The three main advantages of remote work\"}]},{\"@type\":\"WebSite\",\"@id\":\"https:\/\/workfreelly.com\/#website\",\"url\":\"https:\/\/workfreelly.com\/\",\"name\":\"Distance Working\",\"description\":\"\",\"potentialAction\":[{\"@type\":\"SearchAction\",\"target\":{\"@type\":\"EntryPoint\",\"urlTemplate\":\"https:\/\/workfreelly.com\/?s={search_term_string}\"},\"query-input\":{\"@type\":\"PropertyValueSpecification\",\"valueRequired\":true,\"valueName\":\"search_term_string\"}}],\"inLanguage\":\"fr-FR\"}]}<\/script>\n<!-- \/ Yoast SEO plugin. -->","yoast_head_json":{"title":"The three main advantages of remote work - Distance Working","robots":{"index":"index","follow":"follow","max-snippet":"max-snippet:-1","max-image-preview":"max-image-preview:large","max-video-preview":"max-video-preview:-1"},"canonical":"https:\/\/workfreelly.com\/fr\/the-three-main-advantages-of-remote-work\/","og_locale":"fr_FR","og_type":"article","og_title":"The three main advantages of remote work - Distance Working","og_description":"Better time management as well as financial savings and less CO2 emissions Traveling from home to work can cost a lot of time and money especially if we can take into account traffic jams. Remote work would enable people to have extra time during the day. This type of lifestyle is also devasting for the &hellip; The three main advantages of remote work Lire la suite\u00a0\u00bb","og_url":"https:\/\/workfreelly.com\/fr\/the-three-main-advantages-of-remote-work\/","og_site_name":"Distance Working","article_modified_time":"2021-10-25T20:04:25+00:00","og_image":[{"url":"http:\/\/workfreelly.com\/wp-content\/uploads\/2021\/10\/work-1024x684.jpg","type":"","width":"","height":""}],"twitter_card":"summary_large_image","twitter_misc":{"Dur\u00e9e de lecture estim\u00e9e":"2 minutes"},"schema":{"@context":"https:\/\/schema.org","@graph":[{"@type":"WebPage","@id":"https:\/\/workfreelly.com\/the-three-main-advantages-of-remote-work\/","url":"https:\/\/workfreelly.com\/the-three-main-advantages-of-remote-work\/","name":"The three main advantages of remote work - Distance Working","isPartOf":{"@id":"https:\/\/workfreelly.com\/#website"},"primaryImageOfPage":{"@id":"https:\/\/workfreelly.com\/the-three-main-advantages-of-remote-work\/#primaryimage"},"image":{"@id":"https:\/\/workfreelly.com\/the-three-main-advantages-of-remote-work\/#primaryimage"},"thumbnailUrl":"http:\/\/workfreelly.com\/wp-content\/uploads\/2021\/10\/work-1024x684.jpg","datePublished":"2021-10-25T15:06:30+00:00","dateModified":"2021-10-25T20:04:25+00:00","breadcrumb":{"@id":"https:\/\/workfreelly.com\/the-three-main-advantages-of-remote-work\/#breadcrumb"},"inLanguage":"fr-FR","potentialAction":[{"@type":"ReadAction","target":["https:\/\/workfreelly.com\/the-three-main-advantages-of-remote-work\/"]}]},{"@type":"ImageObject","inLanguage":"fr-FR","@id":"https:\/\/workfreelly.com\/the-three-main-advantages-of-remote-work\/#primaryimage","url":"http:\/\/workfreelly.com\/wp-content\/uploads\/2021\/10\/work-1024x684.jpg","contentUrl":"http:\/\/workfreelly.com\/wp-content\/uploads\/2021\/10\/work-1024x684.jpg"},{"@type":"BreadcrumbList","@id":"https:\/\/workfreelly.com\/the-three-main-advantages-of-remote-work\/#breadcrumb","itemListElement":[{"@type":"ListItem","position":1,"name":"Home","item":"https:\/\/workfreelly.com\/"},{"@type":"ListItem","position":2,"name":"The three main advantages of remote work"}]},{"@type":"WebSite","@id":"https:\/\/workfreelly.com\/#website","url":"https:\/\/workfreelly.com\/","name":"Distance Working","description":"","potentialAction":[{"@type":"SearchAction","target":{"@type":"EntryPoint","urlTemplate":"https:\/\/workfreelly.com\/?s={search_term_string}"},"query-input":{"@type":"PropertyValueSpecification","valueRequired":true,"valueName":"search_term_string"}}],"inLanguage":"fr-FR"}]}},"post_mailing_queue_ids":[],"_links":{"self":[{"href":"https:\/\/workfreelly.com\/fr\/wp-json\/wp\/v2\/pages\/1915","targetHints":{"allow":["GET"]}}],"collection":[{"href":"https:\/\/workfreelly.com\/fr\/wp-json\/wp\/v2\/pages"}],"about":[{"href":"https:\/\/workfreelly.com\/fr\/wp-json\/wp\/v2\/types\/page"}],"author":[{"embeddable":true,"href":"https:\/\/workfreelly.com\/fr\/wp-json\/wp\/v2\/users\/1"}],"replies":[{"embeddable":true,"href":"https:\/\/workfreelly.com\/fr\/wp-json\/wp\/v2\/comments?post=1915"}],"version-history":[{"count":4,"href":"https:\/\/workfreelly.com\/fr\/wp-json\/wp\/v2\/pages\/1915\/revisions"}],"predecessor-version":[{"id":2052,"href":"https:\/\/workfreelly.com\/fr\/wp-json\/wp\/v2\/pages\/1915\/revisions\/2052"}],"wp:attachment":[{"href":"https:\/\/workfreelly.com\/fr\/wp-json\/wp\/v2\/media?parent=1915"}],"curies":[{"name":"wp","href":"https:\/\/api.w.org\/{rel}","templated":true}]}}