{"id":1921,"date":"2021-10-25T15:56:26","date_gmt":"2021-10-25T15:56:26","guid":{"rendered":"http:\/\/workfreelly.com\/?page_id=1921"},"modified":"2021-10-29T09:10:08","modified_gmt":"2021-10-29T09:10:08","slug":"the-three-main-disadvantages-of-remote-work","status":"publish","type":"page","link":"https:\/\/workfreelly.com\/fr\/the-three-main-disadvantages-of-remote-work\/","title":{"rendered":"Les trois principaux inconv\u00e9nients du travail \u00e0 distance"},"content":{"rendered":"<p><\/p>\n\n\n\n<p>Tout a ses hauts et ses bas, y compris le travail \u00e0 distance. Voici quelques-uns des principaux inconv\u00e9nients.<\/p>\n\n\n\n<figure class=\"wp-block-image size-large is-resized\"><img fetchpriority=\"high\" decoding=\"async\" src=\"http:\/\/workfreelly.com\/wp-content\/uploads\/2021\/10\/dis-work-768x1024.jpg\" alt=\"\" class=\"wp-image-1965\" width=\"467\" height=\"623\" srcset=\"https:\/\/workfreelly.com\/wp-content\/uploads\/2021\/10\/dis-work-768x1024.jpg 768w, https:\/\/workfreelly.com\/wp-content\/uploads\/2021\/10\/dis-work-225x300.jpg 225w, https:\/\/workfreelly.com\/wp-content\/uploads\/2021\/10\/dis-work-1152x1536.jpg 1152w, https:\/\/workfreelly.com\/wp-content\/uploads\/2021\/10\/dis-work-1536x2048.jpg 1536w, https:\/\/workfreelly.com\/wp-content\/uploads\/2021\/10\/dis-work-scaled.jpg 1920w\" sizes=\"(max-width: 467px) 100vw, 467px\" \/><\/figure>\n\n\n\n<ol class=\"wp-block-list\"><li><strong>L'organisation du travail peut \u00eatre difficile<\/strong><\/li><\/ol>\n\n\n\n<p>Lorsque l'on commence \u00e0 organiser le travail \u00e0 distance, certains ajustements et le d\u00e9veloppement de nouvelles m\u00e9thodes sont absolument n\u00e9cessaires.<\/p>\n\n\n\n<p>Les membres de l'entreprise doivent apprendre \u00e0 communiquer efficacement en ligne et \u00e0 g\u00e9rer les r\u00e9unions en ligne \u00e9galement. Ils doivent \u00e9galement apprendre \u00e0 utiliser de nombreux outils informatiques diff\u00e9rents pour y parvenir.<\/p>\n\n\n\n<p>La transition peut \u00eatre difficile au d\u00e9but, c'est pourquoi la formation est toujours un moyen utile.<\/p>\n\n\n\n<p>Diriger une \u00e9quipe \u00e0 distance peut \u00e9galement \u00eatre un d\u00e9fi. Le sentiment de manque de contr\u00f4le entre souvent en jeu et stimuler l'esprit d'\u00e9quipe peut devenir un v\u00e9ritable obstacle. Dans ce cas, nous vous conseillons de :<\/p>\n\n\n\n<ul class=\"wp-block-list\"><li>Passer d'un leadership bas\u00e9 sur le temps \u00e0 un leadership bas\u00e9 sur les r\u00e9sultats.<\/li><\/ul>\n\n\n\n<ul class=\"wp-block-list\"><li>Essayer d'instiller un sentiment d'appartenance au sein de l'\u00e9quipe. Ainsi, les managers et les entreprises doivent investir encore plus dans leurs capacit\u00e9s de leadership, afin que le travail \u00e0 distance soit b\u00e9n\u00e9fique pour tous.<\/li><\/ul>\n\n\n\n<ol class=\"wp-block-list\" start=\"2\"><li><strong>Sentiment de solitude<\/strong><\/li><\/ol>\n\n\n\n<p>En tant qu'\u00eatres sociaux, l'interaction humaine est fondamentale pour notre bien-\u00eatre. L'isolement caus\u00e9 par le travail \u00e0 distance peut entra\u00eener de nombreux sympt\u00f4mes tels que la d\u00e9pression, le manque de productivit\u00e9 et m\u00eame l'automutilation.<\/p>\n\n\n\n<p>En tant que travailleur \u00e0 distance, assurez-vous de faire les choses suivantes pour \u00e9viter de vous sentir isol\u00e9 :<\/p>\n\n\n\n<ul class=\"wp-block-list\"><li>M\u00eame si vous travaillez au bureau, organisez de temps en temps des r\u00e9unions au bureau.<\/li><\/ul>\n\n\n\n<ul class=\"wp-block-list\"><li>Utilisez la cam\u00e9ra lorsque vous travaillez en ligne.<\/li><\/ul>\n\n\n\n<ol class=\"wp-block-list\" start=\"3\"><li><strong>Distractions \u00e0 la maison et perte d'\u00e9quilibre entre vie professionnelle et vie priv\u00e9e<\/strong><\/li><\/ol>\n\n\n\n<p>Il est vrai qu'il n'y a pas de distractions au bureau lorsqu'on travaille \u00e0 distance, mais d'autres distractions li\u00e9es \u00e0 la maison sont apparues. Par exemple, si vous avez un animal de compagnie ou m\u00eame une famille, ces choses peuvent devenir une distraction si elles ne sont pas g\u00e9r\u00e9es correctement.<\/p>\n\n\n\n<p>C'est pourquoi il est recommand\u00e9 aux t\u00e9l\u00e9travailleurs de disposer d'une sorte d'espace de travail pour \u00e9viter ces distractions, sauf en cas d'urgence.<\/p>\n\n\n\n<p>De plus, lorsque vous travaillez \u00e0 distance, votre vie professionnelle quotidienne peut se situer entre votre vie priv\u00e9e. En effet, si vous ne g\u00e9rez pas correctement votre temps, vous risquez de ne pas savoir quand arr\u00eater de travailler ou vous pourriez vous retrouver \u00e0 un semi-travailler alors que vous ne devriez pas.<\/p>\n\n\n\n<p>Par cons\u00e9quent, cela peut \u00eatre catastrophique pour les personnes qui ne savent pas quand s'arr\u00eater de travailler, comme les accro du boulot. Des \u00e9tudes montrent que la productivit\u00e9 diminue r\u00e9ellement si les gens ne prennent pas de pauses pendant le travail ; veillez donc \u00e0 inclure des pauses dans votre activit\u00e9.<\/p>\n\n\n\n<p>Le semi-travail est un autre pi\u00e8ge mortel, car votre temps de travail est partag\u00e9 entre le travail et d'autres activit\u00e9s sans rapport avec celui-ci, ce qui entra\u00eene une baisse de productivit\u00e9 ou pire encore, l'impossibilit\u00e9 d'accomplir les t\u00e2ches quotidiennes.<\/p>\n\n\n\n<p>M\u00eame si le travail \u00e0 distance est cens\u00e9 \u00eatre flexible, il est tout de m\u00eame important d'\u00eatre \u00e0 100 % de vos t\u00e2ches pendant les heures de travail. N'oubliez pas que votre employeur attend de vous que vous remplissiez une t\u00e2che, alors faites-le bien.<\/p>","protected":false},"excerpt":{"rendered":"<p>Everything has its ups and down including remote work, here are some of the major disadvantages. Work organizing can be challenging When starting to organize remote work, some adjustments and development of new methods are absolutely needed. Members of the company need to learn to communicate effectively online and manage online meetings as well. They &hellip;<\/p>\n<p class=\"read-more\"> <a class=\"\" href=\"https:\/\/workfreelly.com\/fr\/the-three-main-disadvantages-of-remote-work\/\"> <span class=\"screen-reader-text\">Les trois principaux inconv\u00e9nients du travail \u00e0 distance<\/span> Lire la suite\u00a0\u00bb<\/a><\/p>","protected":false},"author":1,"featured_media":0,"parent":0,"menu_order":0,"comment_status":"closed","ping_status":"closed","template":"","meta":{"om_disable_all_campaigns":false,"footnotes":""},"class_list":["post-1921","page","type-page","status-publish","hentry"],"yoast_head":"<!-- This site is optimized with the Yoast SEO plugin v26.2 - https:\/\/yoast.com\/wordpress\/plugins\/seo\/ -->\n<title>The three main disadvantages of remote work - Distance Working<\/title>\n<meta name=\"robots\" content=\"index, follow, max-snippet:-1, max-image-preview:large, max-video-preview:-1\" \/>\n<link rel=\"canonical\" href=\"https:\/\/workfreelly.com\/fr\/the-three-main-disadvantages-of-remote-work\/\" \/>\n<meta property=\"og:locale\" content=\"fr_FR\" \/>\n<meta property=\"og:type\" content=\"article\" \/>\n<meta property=\"og:title\" content=\"The three main disadvantages of remote work - Distance Working\" \/>\n<meta property=\"og:description\" content=\"Everything has its ups and down including remote work, here are some of the major disadvantages. Work organizing can be challenging When starting to organize remote work, some adjustments and development of new methods are absolutely needed. Members of the company need to learn to communicate effectively online and manage online meetings as well. They &hellip; The three main disadvantages of remote work Lire la suite\u00a0\u00bb\" \/>\n<meta property=\"og:url\" content=\"https:\/\/workfreelly.com\/fr\/the-three-main-disadvantages-of-remote-work\/\" \/>\n<meta property=\"og:site_name\" content=\"Distance Working\" \/>\n<meta property=\"article:modified_time\" content=\"2021-10-29T09:10:08+00:00\" \/>\n<meta property=\"og:image\" content=\"http:\/\/workfreelly.com\/wp-content\/uploads\/2021\/10\/dis-work-768x1024.jpg\" \/>\n<meta name=\"twitter:card\" content=\"summary_large_image\" \/>\n<meta name=\"twitter:label1\" content=\"Dur\u00e9e de lecture estim\u00e9e\" \/>\n\t<meta name=\"twitter:data1\" content=\"2 minutes\" \/>\n<script type=\"application\/ld+json\" class=\"yoast-schema-graph\">{\"@context\":\"https:\/\/schema.org\",\"@graph\":[{\"@type\":\"WebPage\",\"@id\":\"https:\/\/workfreelly.com\/the-three-main-disadvantages-of-remote-work\/\",\"url\":\"https:\/\/workfreelly.com\/the-three-main-disadvantages-of-remote-work\/\",\"name\":\"The three main disadvantages of remote work - Distance Working\",\"isPartOf\":{\"@id\":\"https:\/\/workfreelly.com\/#website\"},\"primaryImageOfPage\":{\"@id\":\"https:\/\/workfreelly.com\/the-three-main-disadvantages-of-remote-work\/#primaryimage\"},\"image\":{\"@id\":\"https:\/\/workfreelly.com\/the-three-main-disadvantages-of-remote-work\/#primaryimage\"},\"thumbnailUrl\":\"http:\/\/workfreelly.com\/wp-content\/uploads\/2021\/10\/dis-work-768x1024.jpg\",\"datePublished\":\"2021-10-25T15:56:26+00:00\",\"dateModified\":\"2021-10-29T09:10:08+00:00\",\"breadcrumb\":{\"@id\":\"https:\/\/workfreelly.com\/the-three-main-disadvantages-of-remote-work\/#breadcrumb\"},\"inLanguage\":\"fr-FR\",\"potentialAction\":[{\"@type\":\"ReadAction\",\"target\":[\"https:\/\/workfreelly.com\/the-three-main-disadvantages-of-remote-work\/\"]}]},{\"@type\":\"ImageObject\",\"inLanguage\":\"fr-FR\",\"@id\":\"https:\/\/workfreelly.com\/the-three-main-disadvantages-of-remote-work\/#primaryimage\",\"url\":\"http:\/\/workfreelly.com\/wp-content\/uploads\/2021\/10\/dis-work-768x1024.jpg\",\"contentUrl\":\"http:\/\/workfreelly.com\/wp-content\/uploads\/2021\/10\/dis-work-768x1024.jpg\"},{\"@type\":\"BreadcrumbList\",\"@id\":\"https:\/\/workfreelly.com\/the-three-main-disadvantages-of-remote-work\/#breadcrumb\",\"itemListElement\":[{\"@type\":\"ListItem\",\"position\":1,\"name\":\"Home\",\"item\":\"https:\/\/workfreelly.com\/\"},{\"@type\":\"ListItem\",\"position\":2,\"name\":\"The three main disadvantages of remote work\"}]},{\"@type\":\"WebSite\",\"@id\":\"https:\/\/workfreelly.com\/#website\",\"url\":\"https:\/\/workfreelly.com\/\",\"name\":\"Distance Working\",\"description\":\"\",\"potentialAction\":[{\"@type\":\"SearchAction\",\"target\":{\"@type\":\"EntryPoint\",\"urlTemplate\":\"https:\/\/workfreelly.com\/?s={search_term_string}\"},\"query-input\":{\"@type\":\"PropertyValueSpecification\",\"valueRequired\":true,\"valueName\":\"search_term_string\"}}],\"inLanguage\":\"fr-FR\"}]}<\/script>\n<!-- \/ Yoast SEO plugin. -->","yoast_head_json":{"title":"The three main disadvantages of remote work - Distance Working","robots":{"index":"index","follow":"follow","max-snippet":"max-snippet:-1","max-image-preview":"max-image-preview:large","max-video-preview":"max-video-preview:-1"},"canonical":"https:\/\/workfreelly.com\/fr\/the-three-main-disadvantages-of-remote-work\/","og_locale":"fr_FR","og_type":"article","og_title":"The three main disadvantages of remote work - Distance Working","og_description":"Everything has its ups and down including remote work, here are some of the major disadvantages. Work organizing can be challenging When starting to organize remote work, some adjustments and development of new methods are absolutely needed. Members of the company need to learn to communicate effectively online and manage online meetings as well. They &hellip; The three main disadvantages of remote work Lire la suite\u00a0\u00bb","og_url":"https:\/\/workfreelly.com\/fr\/the-three-main-disadvantages-of-remote-work\/","og_site_name":"Distance Working","article_modified_time":"2021-10-29T09:10:08+00:00","og_image":[{"url":"http:\/\/workfreelly.com\/wp-content\/uploads\/2021\/10\/dis-work-768x1024.jpg","type":"","width":"","height":""}],"twitter_card":"summary_large_image","twitter_misc":{"Dur\u00e9e de lecture estim\u00e9e":"2 minutes"},"schema":{"@context":"https:\/\/schema.org","@graph":[{"@type":"WebPage","@id":"https:\/\/workfreelly.com\/the-three-main-disadvantages-of-remote-work\/","url":"https:\/\/workfreelly.com\/the-three-main-disadvantages-of-remote-work\/","name":"The three main disadvantages of remote work - Distance Working","isPartOf":{"@id":"https:\/\/workfreelly.com\/#website"},"primaryImageOfPage":{"@id":"https:\/\/workfreelly.com\/the-three-main-disadvantages-of-remote-work\/#primaryimage"},"image":{"@id":"https:\/\/workfreelly.com\/the-three-main-disadvantages-of-remote-work\/#primaryimage"},"thumbnailUrl":"http:\/\/workfreelly.com\/wp-content\/uploads\/2021\/10\/dis-work-768x1024.jpg","datePublished":"2021-10-25T15:56:26+00:00","dateModified":"2021-10-29T09:10:08+00:00","breadcrumb":{"@id":"https:\/\/workfreelly.com\/the-three-main-disadvantages-of-remote-work\/#breadcrumb"},"inLanguage":"fr-FR","potentialAction":[{"@type":"ReadAction","target":["https:\/\/workfreelly.com\/the-three-main-disadvantages-of-remote-work\/"]}]},{"@type":"ImageObject","inLanguage":"fr-FR","@id":"https:\/\/workfreelly.com\/the-three-main-disadvantages-of-remote-work\/#primaryimage","url":"http:\/\/workfreelly.com\/wp-content\/uploads\/2021\/10\/dis-work-768x1024.jpg","contentUrl":"http:\/\/workfreelly.com\/wp-content\/uploads\/2021\/10\/dis-work-768x1024.jpg"},{"@type":"BreadcrumbList","@id":"https:\/\/workfreelly.com\/the-three-main-disadvantages-of-remote-work\/#breadcrumb","itemListElement":[{"@type":"ListItem","position":1,"name":"Home","item":"https:\/\/workfreelly.com\/"},{"@type":"ListItem","position":2,"name":"The three main disadvantages of remote work"}]},{"@type":"WebSite","@id":"https:\/\/workfreelly.com\/#website","url":"https:\/\/workfreelly.com\/","name":"Distance Working","description":"","potentialAction":[{"@type":"SearchAction","target":{"@type":"EntryPoint","urlTemplate":"https:\/\/workfreelly.com\/?s={search_term_string}"},"query-input":{"@type":"PropertyValueSpecification","valueRequired":true,"valueName":"search_term_string"}}],"inLanguage":"fr-FR"}]}},"post_mailing_queue_ids":[],"_links":{"self":[{"href":"https:\/\/workfreelly.com\/fr\/wp-json\/wp\/v2\/pages\/1921","targetHints":{"allow":["GET"]}}],"collection":[{"href":"https:\/\/workfreelly.com\/fr\/wp-json\/wp\/v2\/pages"}],"about":[{"href":"https:\/\/workfreelly.com\/fr\/wp-json\/wp\/v2\/types\/page"}],"author":[{"embeddable":true,"href":"https:\/\/workfreelly.com\/fr\/wp-json\/wp\/v2\/users\/1"}],"replies":[{"embeddable":true,"href":"https:\/\/workfreelly.com\/fr\/wp-json\/wp\/v2\/comments?post=1921"}],"version-history":[{"count":6,"href":"https:\/\/workfreelly.com\/fr\/wp-json\/wp\/v2\/pages\/1921\/revisions"}],"predecessor-version":[{"id":2044,"href":"https:\/\/workfreelly.com\/fr\/wp-json\/wp\/v2\/pages\/1921\/revisions\/2044"}],"wp:attachment":[{"href":"https:\/\/workfreelly.com\/fr\/wp-json\/wp\/v2\/media?parent=1921"}],"curies":[{"name":"wp","href":"https:\/\/api.w.org\/{rel}","templated":true}]}}