{"id":1927,"date":"2021-10-25T16:07:22","date_gmt":"2021-10-25T16:07:22","guid":{"rendered":"http:\/\/workfreelly.com\/?page_id=1927"},"modified":"2021-10-29T08:52:40","modified_gmt":"2021-10-29T08:52:40","slug":"different-types-of-remote-work","status":"publish","type":"page","link":"https:\/\/workfreelly.com\/fr\/different-types-of-remote-work\/","title":{"rendered":"Les Diff\u00e9rents Types de Travail \u00e0 Distance"},"content":{"rendered":"<p>Le travail \u00e0 distance peut \u00eatre d\u00e9fini comme toute activit\u00e9 qui peut \u00eatre accomplie en n'importe quel lieu (g\u00e9n\u00e9ralement \u00e0 partir du domicile). Aujourd'hui, le travail \u00e0 distance signifie g\u00e9n\u00e9ralement travailler en ligne tout en \u00e9tant loin du bureau. Cet article a pour but de fournir les diff\u00e9rents types de travail \u00e0 distance afin de permettre une meilleure compr\u00e9hension de celui-ci.<\/p>\n\n\n\n<figure class=\"wp-block-image size-large is-resized\"><img fetchpriority=\"high\" decoding=\"async\" src=\"http:\/\/workfreelly.com\/wp-content\/uploads\/2021\/10\/type-work-1024x768.jpg\" alt=\"\" class=\"wp-image-1941\" width=\"804\" height=\"603\" srcset=\"https:\/\/workfreelly.com\/wp-content\/uploads\/2021\/10\/type-work-1024x768.jpg 1024w, https:\/\/workfreelly.com\/wp-content\/uploads\/2021\/10\/type-work-300x225.jpg 300w, https:\/\/workfreelly.com\/wp-content\/uploads\/2021\/10\/type-work-768x576.jpg 768w, https:\/\/workfreelly.com\/wp-content\/uploads\/2021\/10\/type-work-1536x1152.jpg 1536w, https:\/\/workfreelly.com\/wp-content\/uploads\/2021\/10\/type-work-2048x1536.jpg 2048w\" sizes=\"(max-width: 804px) 100vw, 804px\" \/><\/figure>\n\n\n\n<p><strong>Travail Enti\u00e8rement \u00e0 Distance<\/strong><\/p>\n\n\n\n<p>Dans ce type de r\u00f4le, vous travaillerez 100% \u00e0 distance pendant les heures de travail et serez peu ou pas de tout pr\u00e9sent sur le lieu physique. Depuis la pand\u00e9mie, cette pratique est de plus en plus courante, surtout si l'on consid\u00e8re les nombreux avantages qui en d\u00e9coulent, comme la r\u00e9duction de certains co\u00fbts tels que les factures de bureau, etc.<\/p>\n\n\n\n<p><strong>Le Travail Semi-Distanciel<\/strong><\/p>\n\n\n\n<p>Le travail semi-distanciel offre plus de flexibilit\u00e9 en termes de gestion du temps ou de lieu de travail. Le travail semi-distanciel implique g\u00e9n\u00e9ralement de devoir travailler au bureau une partie du temps.<\/p>\n\n\n\n<p><strong>Freelance<\/strong><\/p>\n\n\n\n<p>Le travail en freelance consiste \u00e0 \u00eatre temporairement engag\u00e9 par une entreprise pour remplir une t\u00e2che sp\u00e9cifique pendant une dur\u00e9e limit\u00e9e, c'est en fait un travail sous contrat. Le travail en freelance se fait \u00e0 distance, bien s\u00fbr, et le freelance fixe ses propres horaires et prix, avec \u00e9ventuellement des n\u00e9gociations ouvertes<\/p>\n\n\n\n<p><strong>E-Commerce<\/strong><\/p>\n\n\n\n<p>Le commerce en ligne fait r\u00e9f\u00e9rence aux entreprises qui sont enti\u00e8rement en ligne. La cr\u00e9ation d'une entreprise en ligne peut vous permettre de travailler \u00e0 distance. Si vous avez d\u00e9j\u00e0 travaill\u00e9 en tant que freelance, ce serait une bonne id\u00e9e pour vous lancer dans l'e-commerce. Il y a certainement beaucoup de potentiel pour les entrepreneurs en ligne pr\u00eats \u00e0 prendre des risques, mais avec Internet, le risque est beaucoup plus faible puisque tout est immat\u00e9riel.<\/p>\n\n\n\n<p><strong>Side Hustles (revenu compl\u00e9mentaire)<\/strong><\/p>\n\n\n\n<p>Le \u00ab Side Hustle \u00bb ou revenu compl\u00e9mentaire est similaire au freelance, sauf qu'il implique g\u00e9n\u00e9ralement qu'il ne s'agit pas de votre activit\u00e9 principale et que vous effectuez une sorte de travail parall\u00e8le afin d'obtenir des revenus suppl\u00e9mentaires. Cela peut \u00eatre un excellent moyen de d\u00e9velopper une activit\u00e9 en ligne jusqu'\u00e0 ce que vous vous sentiez pr\u00eat \u00e0 vous lancer \u00e0 plein temps. De plus, le fait d'exercer une activit\u00e9 parall\u00e8le est un excellent moyen de diversifier vos sources de revenus.<\/p>\n\n\n\n<p><strong>Les outils dont vous aurez besoin pour le T\u00e9l\u00e9travail<\/strong><\/p>\n\n\n\n<p>Dans tous ces types de travail \u00e0 distance, vous aurez besoin :<\/p>\n\n\n\n<p>- Un ordinateur ou mieux encore un ordinateur portable<\/p>\n\n\n\n<p>- Une bonne connexion Internet :<\/p>\n\n\n\n<ul class=\"wp-block-list\"><li>Une connexion Internet \u00e0 haut d\u00e9bit offre beaucoup de facilit\u00e9 et vous permet d'accomplir des t\u00e2ches quotidiennes avec beaucoup moins de difficult\u00e9s, qu'il s'agisse de transf\u00e9rer des informations \u00e0 vos coll\u00e8gues et \u00e0 votre patron ou simplement de communiquer avec des clients en ligne. Une bonne connexion internet vous permet d'accomplir toutes ces t\u00e2ches et bien d'autres encore avec beaucoup d'efficacit\u00e9.<\/li><\/ul>\n\n\n\n<ul class=\"wp-block-list\"><li>Avoir une connexion internet performante aide beaucoup, notamment en contribuant \u00e0 la productivit\u00e9, en am\u00e9liorant la gestion de la relation client et en permettant un meilleur transfert d'informations. Par exemple, une connexion internet plus rapide facilite le t\u00e9l\u00e9chargement de documents ou le chargement de vid\u00e9os qui pourraient \u00eatre essentiels pour votre travail. Une bonne connexion internet est \u00e9galement importante pour les r\u00e9unions \u00e0 distance en ligne avec des coll\u00e8gues, sinon cela pourrait buguer ou entra\u00eener une d\u00e9connexion fr\u00e9quente.<\/li><\/ul>","protected":false},"excerpt":{"rendered":"<p>Remote work can be defined as any activity that can be accomplished in any location (usually from home). Today remote work usually means working online while at the same time being away from the office. This article aims is provide the different types of remote to unable to have a better understanding of it. Fully &hellip;<\/p>\n<p class=\"read-more\"> <a class=\"\" href=\"https:\/\/workfreelly.com\/fr\/different-types-of-remote-work\/\"> <span class=\"screen-reader-text\">Les Diff\u00e9rents Types de Travail \u00e0 Distance<\/span> Lire la suite\u00a0\u00bb<\/a><\/p>","protected":false},"author":1,"featured_media":0,"parent":0,"menu_order":0,"comment_status":"closed","ping_status":"closed","template":"","meta":{"om_disable_all_campaigns":false,"footnotes":""},"class_list":["post-1927","page","type-page","status-publish","hentry"],"yoast_head":"<!-- This site is optimized with the Yoast SEO plugin v26.2 - https:\/\/yoast.com\/wordpress\/plugins\/seo\/ -->\n<title>Different Types of Remote Work - Distance Working<\/title>\n<meta name=\"robots\" content=\"index, follow, max-snippet:-1, max-image-preview:large, max-video-preview:-1\" \/>\n<link rel=\"canonical\" href=\"https:\/\/workfreelly.com\/fr\/different-types-of-remote-work\/\" \/>\n<meta property=\"og:locale\" content=\"fr_FR\" \/>\n<meta property=\"og:type\" content=\"article\" \/>\n<meta property=\"og:title\" content=\"Different Types of Remote Work - Distance Working\" \/>\n<meta property=\"og:description\" content=\"Remote work can be defined as any activity that can be accomplished in any location (usually from home). Today remote work usually means working online while at the same time being away from the office. This article aims is provide the different types of remote to unable to have a better understanding of it. Fully &hellip; Different Types of Remote Work Lire la suite\u00a0\u00bb\" \/>\n<meta property=\"og:url\" content=\"https:\/\/workfreelly.com\/fr\/different-types-of-remote-work\/\" \/>\n<meta property=\"og:site_name\" content=\"Distance Working\" \/>\n<meta property=\"article:modified_time\" content=\"2021-10-29T08:52:40+00:00\" \/>\n<meta property=\"og:image\" content=\"http:\/\/workfreelly.com\/wp-content\/uploads\/2021\/10\/type-work-1024x768.jpg\" \/>\n<meta name=\"twitter:card\" content=\"summary_large_image\" \/>\n<meta name=\"twitter:label1\" content=\"Dur\u00e9e de lecture estim\u00e9e\" \/>\n\t<meta name=\"twitter:data1\" content=\"2 minutes\" \/>\n<script type=\"application\/ld+json\" class=\"yoast-schema-graph\">{\"@context\":\"https:\/\/schema.org\",\"@graph\":[{\"@type\":\"WebPage\",\"@id\":\"https:\/\/workfreelly.com\/different-types-of-remote-work\/\",\"url\":\"https:\/\/workfreelly.com\/different-types-of-remote-work\/\",\"name\":\"Different Types of Remote Work - Distance Working\",\"isPartOf\":{\"@id\":\"https:\/\/workfreelly.com\/#website\"},\"primaryImageOfPage\":{\"@id\":\"https:\/\/workfreelly.com\/different-types-of-remote-work\/#primaryimage\"},\"image\":{\"@id\":\"https:\/\/workfreelly.com\/different-types-of-remote-work\/#primaryimage\"},\"thumbnailUrl\":\"http:\/\/workfreelly.com\/wp-content\/uploads\/2021\/10\/type-work-1024x768.jpg\",\"datePublished\":\"2021-10-25T16:07:22+00:00\",\"dateModified\":\"2021-10-29T08:52:40+00:00\",\"breadcrumb\":{\"@id\":\"https:\/\/workfreelly.com\/different-types-of-remote-work\/#breadcrumb\"},\"inLanguage\":\"fr-FR\",\"potentialAction\":[{\"@type\":\"ReadAction\",\"target\":[\"https:\/\/workfreelly.com\/different-types-of-remote-work\/\"]}]},{\"@type\":\"ImageObject\",\"inLanguage\":\"fr-FR\",\"@id\":\"https:\/\/workfreelly.com\/different-types-of-remote-work\/#primaryimage\",\"url\":\"http:\/\/workfreelly.com\/wp-content\/uploads\/2021\/10\/type-work-1024x768.jpg\",\"contentUrl\":\"http:\/\/workfreelly.com\/wp-content\/uploads\/2021\/10\/type-work-1024x768.jpg\"},{\"@type\":\"BreadcrumbList\",\"@id\":\"https:\/\/workfreelly.com\/different-types-of-remote-work\/#breadcrumb\",\"itemListElement\":[{\"@type\":\"ListItem\",\"position\":1,\"name\":\"Home\",\"item\":\"https:\/\/workfreelly.com\/\"},{\"@type\":\"ListItem\",\"position\":2,\"name\":\"Different Types of Remote Work\"}]},{\"@type\":\"WebSite\",\"@id\":\"https:\/\/workfreelly.com\/#website\",\"url\":\"https:\/\/workfreelly.com\/\",\"name\":\"Distance Working\",\"description\":\"\",\"potentialAction\":[{\"@type\":\"SearchAction\",\"target\":{\"@type\":\"EntryPoint\",\"urlTemplate\":\"https:\/\/workfreelly.com\/?s={search_term_string}\"},\"query-input\":{\"@type\":\"PropertyValueSpecification\",\"valueRequired\":true,\"valueName\":\"search_term_string\"}}],\"inLanguage\":\"fr-FR\"}]}<\/script>\n<!-- \/ Yoast SEO plugin. -->","yoast_head_json":{"title":"Different Types of Remote Work - Distance Working","robots":{"index":"index","follow":"follow","max-snippet":"max-snippet:-1","max-image-preview":"max-image-preview:large","max-video-preview":"max-video-preview:-1"},"canonical":"https:\/\/workfreelly.com\/fr\/different-types-of-remote-work\/","og_locale":"fr_FR","og_type":"article","og_title":"Different Types of Remote Work - Distance Working","og_description":"Remote work can be defined as any activity that can be accomplished in any location (usually from home). Today remote work usually means working online while at the same time being away from the office. This article aims is provide the different types of remote to unable to have a better understanding of it. Fully &hellip; Different Types of Remote Work Lire la suite\u00a0\u00bb","og_url":"https:\/\/workfreelly.com\/fr\/different-types-of-remote-work\/","og_site_name":"Distance Working","article_modified_time":"2021-10-29T08:52:40+00:00","og_image":[{"url":"http:\/\/workfreelly.com\/wp-content\/uploads\/2021\/10\/type-work-1024x768.jpg","type":"","width":"","height":""}],"twitter_card":"summary_large_image","twitter_misc":{"Dur\u00e9e de lecture estim\u00e9e":"2 minutes"},"schema":{"@context":"https:\/\/schema.org","@graph":[{"@type":"WebPage","@id":"https:\/\/workfreelly.com\/different-types-of-remote-work\/","url":"https:\/\/workfreelly.com\/different-types-of-remote-work\/","name":"Different Types of Remote Work - Distance Working","isPartOf":{"@id":"https:\/\/workfreelly.com\/#website"},"primaryImageOfPage":{"@id":"https:\/\/workfreelly.com\/different-types-of-remote-work\/#primaryimage"},"image":{"@id":"https:\/\/workfreelly.com\/different-types-of-remote-work\/#primaryimage"},"thumbnailUrl":"http:\/\/workfreelly.com\/wp-content\/uploads\/2021\/10\/type-work-1024x768.jpg","datePublished":"2021-10-25T16:07:22+00:00","dateModified":"2021-10-29T08:52:40+00:00","breadcrumb":{"@id":"https:\/\/workfreelly.com\/different-types-of-remote-work\/#breadcrumb"},"inLanguage":"fr-FR","potentialAction":[{"@type":"ReadAction","target":["https:\/\/workfreelly.com\/different-types-of-remote-work\/"]}]},{"@type":"ImageObject","inLanguage":"fr-FR","@id":"https:\/\/workfreelly.com\/different-types-of-remote-work\/#primaryimage","url":"http:\/\/workfreelly.com\/wp-content\/uploads\/2021\/10\/type-work-1024x768.jpg","contentUrl":"http:\/\/workfreelly.com\/wp-content\/uploads\/2021\/10\/type-work-1024x768.jpg"},{"@type":"BreadcrumbList","@id":"https:\/\/workfreelly.com\/different-types-of-remote-work\/#breadcrumb","itemListElement":[{"@type":"ListItem","position":1,"name":"Home","item":"https:\/\/workfreelly.com\/"},{"@type":"ListItem","position":2,"name":"Different Types of Remote Work"}]},{"@type":"WebSite","@id":"https:\/\/workfreelly.com\/#website","url":"https:\/\/workfreelly.com\/","name":"Distance Working","description":"","potentialAction":[{"@type":"SearchAction","target":{"@type":"EntryPoint","urlTemplate":"https:\/\/workfreelly.com\/?s={search_term_string}"},"query-input":{"@type":"PropertyValueSpecification","valueRequired":true,"valueName":"search_term_string"}}],"inLanguage":"fr-FR"}]}},"post_mailing_queue_ids":[],"_links":{"self":[{"href":"https:\/\/workfreelly.com\/fr\/wp-json\/wp\/v2\/pages\/1927","targetHints":{"allow":["GET"]}}],"collection":[{"href":"https:\/\/workfreelly.com\/fr\/wp-json\/wp\/v2\/pages"}],"about":[{"href":"https:\/\/workfreelly.com\/fr\/wp-json\/wp\/v2\/types\/page"}],"author":[{"embeddable":true,"href":"https:\/\/workfreelly.com\/fr\/wp-json\/wp\/v2\/users\/1"}],"replies":[{"embeddable":true,"href":"https:\/\/workfreelly.com\/fr\/wp-json\/wp\/v2\/comments?post=1927"}],"version-history":[{"count":5,"href":"https:\/\/workfreelly.com\/fr\/wp-json\/wp\/v2\/pages\/1927\/revisions"}],"predecessor-version":[{"id":2041,"href":"https:\/\/workfreelly.com\/fr\/wp-json\/wp\/v2\/pages\/1927\/revisions\/2041"}],"wp:attachment":[{"href":"https:\/\/workfreelly.com\/fr\/wp-json\/wp\/v2\/media?parent=1927"}],"curies":[{"name":"wp","href":"https:\/\/api.w.org\/{rel}","templated":true}]}}